{"id":13307,"date":"2023-01-11T14:41:39","date_gmt":"2023-01-11T14:41:39","guid":{"rendered":"https:\/\/ncastaneda.com\/?post_type=product&#038;p=13307"},"modified":"2024-08-12T14:15:53","modified_gmt":"2024-08-12T14:15:53","slug":"tetrachords-etude-llanera-harp","status":"publish","type":"product","link":"https:\/\/ncastaneda.com\/es\/producto\/tetrachords-etude-llanera-harp\/","title":{"rendered":"Ejercicios de Tetracordios - Arpa Llanera"},"content":{"rendered":"<h3><strong>Ejercicios Interactivos para el Arpa Llanera<br \/>\n<\/strong><\/h3>\n<p>This online platform allows you to learn the Llanera Harp initial etudes using audio and video supporting materials. Through this, you are going to be able to:<\/p>\n<p>\u2713 Estudio con m\u00faltiples partituras digitales y audio referencias del arpa llanera<\/p>\n<p>\u2713 Use pistas de acompa\u00f1amiento en diferentes tempos para dominar el estudio f\u00e1cilmente.<\/p>\n<p>\u2713 Estudia con un m\u00e9todo que se enfoca en desarrollar la t\u00e9cnica de digitaci\u00f3n del arpa<\/p>\n<p><em><strong>Este Producto Contiene:<\/strong><\/em><\/p>\n<ul>\n<li>Las Notas Musicales en el Arpa Llanera y su Registro<\/li>\n<li>Postura del cuerpo y el Instrumento<\/li>\n<li>Como Afinar el Arpa Llanera<\/li>\n<li>Estudios ascendentes \/ descendentes con video de referencia<\/li>\n<li>\u00a024 music sheet and play-along with different sounds of the traditional instruments of the Llanera music and Colombian music.<\/li>\n<\/ul>\n<p><i><b>Requerimientos:<\/b><\/i><\/p>\n<ul>\n<li>Arpa es requerida. Se puede usar cualquier tipo de arpa, pero se prefiere el arpa llanera. Cont\u00e1ctenos a info@ncastaneda.com si necesita comprar un Arpa<\/li>\n<li>Requisitos del sistema: computadora, tableta o laptop con conexi\u00f3n a internet estable. Esta plataforma a\u00fan no est\u00e1 disponible para tel\u00e9fonos m\u00f3viles ni aplicaciones m\u00f3viles... \u00a1actualizaciones pr\u00f3ximamente!<\/li>\n<\/ul>\n<p><i><b>Este producto no incluye:<\/b><\/i><\/p>\n<ul>\n<li>Explainer videos. This product is aimed for you to auto explore the learning process. If you are looking for explainer videos in your product experience, check the online course: <a href=\"https:\/\/ncastaneda.com\/courses\/abc-del-arpa-llanera\/\">El ABC del Arpa Llanera<\/a>.<\/li>\n<\/ul>\n<p>&nbsp;<\/p>\n<h4><b>Por favor registra tu cuenta en \u201cRegistrarse\u201d ubicado en el men\u00fa principal, luego sigue los pasos para adquirir el producto.<\/b><\/h4>\n<h4><i>Por favor registra tu cuenta en &#8220;Registrarse&#8221; ubicado en el men\u00fa principal, luego sigue los pasos para adquirir el producto.<\/i><\/h4>\n<p><span lang=\"en\">\u00a0<\/span><\/p>","protected":false},"excerpt":{"rendered":"<p>Estudios que se centran en los estudios de arpegio basados en el an\u00e1lisis de acordes de cuatro notas y el uso de la digitaci\u00f3n t\u00e9cnica aplicada al arpa llanera.<\/p>","protected":false},"featured_media":13210,"template":"","meta":{"om_disable_all_campaigns":false,"pmpro_default_level":"","_monsterinsights_skip_tracking":false,"_monsterinsights_sitenote_active":false,"_monsterinsights_sitenote_note":"","_monsterinsights_sitenote_category":0},"product_cat":[61],"product_tag":[],"yoast_head":"<!-- This site is optimized with the Yoast SEO plugin v20.11 - https:\/\/yoast.com\/wordpress\/plugins\/seo\/ -->\n<title>Tetrachords Etude - Llanera Harp - Nicol\u00e1s Casta\u00f1eda I Colombian Harpist, Composer &amp; Entrepreneur<\/title>\n<meta name=\"description\" content=\"Etudes that are focusing on arpeggio studies based of four notes chord analysis and the use of technical fingering applied to the Llanera Harp\" \/>\n<meta name=\"robots\" content=\"index, follow, max-snippet:-1, max-image-preview:large, max-video-preview:-1\" \/>\n<link rel=\"canonical\" href=\"https:\/\/ncastaneda.com\/es\/producto\/tetrachords-etude-llanera-harp\/\" \/>\n<meta property=\"og:locale\" content=\"es_ES\" \/>\n<meta property=\"og:type\" content=\"article\" \/>\n<meta property=\"og:title\" content=\"Tetrachords Etude - Llanera Harp - Nicol\u00e1s Casta\u00f1eda I Colombian Harpist, Composer &amp; Entrepreneur\" \/>\n<meta property=\"og:description\" content=\"Etudes that are focusing on arpeggio studies based of four notes chord analysis and the use of technical fingering applied to the Llanera Harp\" \/>\n<meta property=\"og:url\" content=\"https:\/\/ncastaneda.com\/es\/producto\/tetrachords-etude-llanera-harp\/\" \/>\n<meta property=\"og:site_name\" content=\"Nicol\u00e1s Casta\u00f1eda I Colombian Harpist, Composer &amp; Entrepreneur\" \/>\n<meta property=\"article:modified_time\" content=\"2024-08-12T14:15:53+00:00\" \/>\n<meta property=\"og:image\" content=\"https:\/\/ncastaneda.com\/wp-content\/uploads\/2023\/01\/3-e1673350276262.png\" \/>\n\t<meta property=\"og:image:width\" content=\"300\" \/>\n\t<meta property=\"og:image:height\" content=\"479\" \/>\n\t<meta property=\"og:image:type\" content=\"image\/png\" \/>\n<meta name=\"twitter:card\" content=\"summary_large_image\" \/>\n<meta name=\"twitter:label1\" content=\"Tiempo estimado de lectura\" \/>\n\t<meta name=\"twitter:data1\" content=\"2 minutos\" \/>\n<script type=\"application\/ld+json\" class=\"yoast-schema-graph\">{\"@context\":\"https:\/\/schema.org\",\"@graph\":[{\"@type\":\"WebPage\",\"@id\":\"https:\/\/ncastaneda.com\/product\/tetrachords-etude-llanera-harp\/\",\"url\":\"https:\/\/ncastaneda.com\/product\/tetrachords-etude-llanera-harp\/\",\"name\":\"Tetrachords Etude - Llanera Harp - Nicol\u00e1s Casta\u00f1eda I Colombian Harpist, Composer &amp; Entrepreneur\",\"isPartOf\":{\"@id\":\"https:\/\/ncastaneda.com\/#website\"},\"datePublished\":\"2023-01-11T14:41:39+00:00\",\"dateModified\":\"2024-08-12T14:15:53+00:00\",\"description\":\"Etudes that are focusing on arpeggio studies based of four notes chord analysis and the use of technical fingering applied to the Llanera Harp\",\"breadcrumb\":{\"@id\":\"https:\/\/ncastaneda.com\/product\/tetrachords-etude-llanera-harp\/#breadcrumb\"},\"inLanguage\":\"es-CO\",\"potentialAction\":[{\"@type\":\"ReadAction\",\"target\":[\"https:\/\/ncastaneda.com\/product\/tetrachords-etude-llanera-harp\/\"]}]},{\"@type\":\"BreadcrumbList\",\"@id\":\"https:\/\/ncastaneda.com\/product\/tetrachords-etude-llanera-harp\/#breadcrumb\",\"itemListElement\":[{\"@type\":\"ListItem\",\"position\":1,\"name\":\"Home\",\"item\":\"https:\/\/ncastaneda.com\/\"},{\"@type\":\"ListItem\",\"position\":2,\"name\":\"Shop\",\"item\":\"https:\/\/ncastaneda.com\/es\/shop\/\"},{\"@type\":\"ListItem\",\"position\":3,\"name\":\"Tetrachords Etude &#8211; Llanera Harp\"}]},{\"@type\":\"WebSite\",\"@id\":\"https:\/\/ncastaneda.com\/#website\",\"url\":\"https:\/\/ncastaneda.com\/\",\"name\":\"Nicol\u00e1s Casta\u00f1eda I Colombian Harpist, Composer &amp; Entrepreneur\",\"description\":\"Nicol\u00e1s Casta\u00f1eda Official Website - Check out his coming productions, projects and learn to play the Llanera Harp Online\",\"potentialAction\":[{\"@type\":\"SearchAction\",\"target\":{\"@type\":\"EntryPoint\",\"urlTemplate\":\"https:\/\/ncastaneda.com\/?s={search_term_string}\"},\"query-input\":\"required name=search_term_string\"}],\"inLanguage\":\"es-CO\"}]}<\/script>\n<!-- \/ Yoast SEO plugin. -->","yoast_head_json":{"title":"Tetrachords Etude - Llanera Harp - Nicol\u00e1s Casta\u00f1eda I Colombian Harpist, Composer &amp; Entrepreneur","description":"Etudes that are focusing on arpeggio studies based of four notes chord analysis and the use of technical fingering applied to the Llanera Harp","robots":{"index":"index","follow":"follow","max-snippet":"max-snippet:-1","max-image-preview":"max-image-preview:large","max-video-preview":"max-video-preview:-1"},"canonical":"https:\/\/ncastaneda.com\/es\/producto\/tetrachords-etude-llanera-harp\/","og_locale":"es_ES","og_type":"article","og_title":"Tetrachords Etude - Llanera Harp - Nicol\u00e1s Casta\u00f1eda I Colombian Harpist, Composer &amp; Entrepreneur","og_description":"Etudes that are focusing on arpeggio studies based of four notes chord analysis and the use of technical fingering applied to the Llanera Harp","og_url":"https:\/\/ncastaneda.com\/es\/producto\/tetrachords-etude-llanera-harp\/","og_site_name":"Nicol\u00e1s Casta\u00f1eda I Colombian Harpist, Composer &amp; Entrepreneur","article_modified_time":"2024-08-12T14:15:53+00:00","og_image":[{"width":300,"height":479,"url":"https:\/\/ncastaneda.com\/wp-content\/uploads\/2023\/01\/3-e1673350276262.png","type":"image\/png"}],"twitter_card":"summary_large_image","twitter_misc":{"Tiempo estimado de lectura":"2 minutos"},"schema":{"@context":"https:\/\/schema.org","@graph":[{"@type":"WebPage","@id":"https:\/\/ncastaneda.com\/product\/tetrachords-etude-llanera-harp\/","url":"https:\/\/ncastaneda.com\/product\/tetrachords-etude-llanera-harp\/","name":"Tetrachords Etude - Llanera Harp - Nicol\u00e1s Casta\u00f1eda I Colombian Harpist, Composer &amp; Entrepreneur","isPartOf":{"@id":"https:\/\/ncastaneda.com\/#website"},"datePublished":"2023-01-11T14:41:39+00:00","dateModified":"2024-08-12T14:15:53+00:00","description":"Etudes that are focusing on arpeggio studies based of four notes chord analysis and the use of technical fingering applied to the Llanera Harp","breadcrumb":{"@id":"https:\/\/ncastaneda.com\/product\/tetrachords-etude-llanera-harp\/#breadcrumb"},"inLanguage":"es-CO","potentialAction":[{"@type":"ReadAction","target":["https:\/\/ncastaneda.com\/product\/tetrachords-etude-llanera-harp\/"]}]},{"@type":"BreadcrumbList","@id":"https:\/\/ncastaneda.com\/product\/tetrachords-etude-llanera-harp\/#breadcrumb","itemListElement":[{"@type":"ListItem","position":1,"name":"Home","item":"https:\/\/ncastaneda.com\/"},{"@type":"ListItem","position":2,"name":"Shop","item":"https:\/\/ncastaneda.com\/es\/shop\/"},{"@type":"ListItem","position":3,"name":"Tetrachords Etude &#8211; Llanera Harp"}]},{"@type":"WebSite","@id":"https:\/\/ncastaneda.com\/#website","url":"https:\/\/ncastaneda.com\/","name":"Nicol\u00e1s Casta\u00f1eda I Colombian Harpist, Composer &amp; Entrepreneur","description":"Nicol\u00e1s Casta\u00f1eda Official Website - Check out his coming productions, projects and learn to play the Llanera Harp Online","potentialAction":[{"@type":"SearchAction","target":{"@type":"EntryPoint","urlTemplate":"https:\/\/ncastaneda.com\/?s={search_term_string}"},"query-input":"required name=search_term_string"}],"inLanguage":"es-CO"}]}},"_links":{"self":[{"href":"https:\/\/ncastaneda.com\/es\/wp-json\/wp\/v2\/product\/13307"}],"collection":[{"href":"https:\/\/ncastaneda.com\/es\/wp-json\/wp\/v2\/product"}],"about":[{"href":"https:\/\/ncastaneda.com\/es\/wp-json\/wp\/v2\/types\/product"}],"wp:featuredmedia":[{"embeddable":true,"href":"https:\/\/ncastaneda.com\/es\/wp-json\/wp\/v2\/media\/13210"}],"wp:attachment":[{"href":"https:\/\/ncastaneda.com\/es\/wp-json\/wp\/v2\/media?parent=13307"}],"wp:term":[{"taxonomy":"product_cat","embeddable":true,"href":"https:\/\/ncastaneda.com\/es\/wp-json\/wp\/v2\/product_cat?post=13307"},{"taxonomy":"product_tag","embeddable":true,"href":"https:\/\/ncastaneda.com\/es\/wp-json\/wp\/v2\/product_tag?post=13307"}],"curies":[{"name":"wp","href":"https:\/\/api.w.org\/{rel}","templated":true}]}}