{"id":13294,"date":"2023-01-11T14:09:06","date_gmt":"2023-01-11T14:09:06","guid":{"rendered":"https:\/\/ncastaneda.com\/?post_type=product&#038;p=13294"},"modified":"2024-08-22T04:50:58","modified_gmt":"2024-08-22T04:50:58","slug":"sol-naciente","status":"publish","type":"product","link":"https:\/\/ncastaneda.com\/es\/producto\/sol-naciente\/","title":{"rendered":"Sol Naciente &#8211; Arpa Llanera"},"content":{"rendered":"<div id=\"kgvid_kgvid_0_wrapper\" class=\"kgvid_wrapper\">\n\t\t\t<div id=\"video_kgvid_0_div\" class=\"fitvidsignore kgvid_videodiv\" data-id=\"kgvid_0\" data-kgvid_video_vars=\"{&quot;id&quot;:&quot;kgvid_0&quot;,&quot;attachment_id&quot;:&quot;13325&quot;,&quot;player_type&quot;:&quot;Video.js v8&quot;,&quot;width&quot;:&quot;1000&quot;,&quot;height&quot;:&quot;563&quot;,&quot;fullwidth&quot;:&quot;true&quot;,&quot;fixed_aspect&quot;:&quot;vertical&quot;,&quot;countable&quot;:true,&quot;count_views&quot;:&quot;start_complete&quot;,&quot;start&quot;:&quot;&quot;,&quot;autoplay&quot;:&quot;false&quot;,&quot;pauseothervideos&quot;:&quot;true&quot;,&quot;set_volume&quot;:&quot;1&quot;,&quot;muted&quot;:&quot;false&quot;,&quot;meta&quot;:false,&quot;endofvideooverlay&quot;:&quot;&quot;,&quot;resize&quot;:&quot;true&quot;,&quot;auto_res&quot;:&quot;automatic&quot;,&quot;pixel_ratio&quot;:&quot;true&quot;,&quot;right_click&quot;:&quot;&quot;,&quot;playback_rate&quot;:&quot;false&quot;,&quot;title&quot;:&quot;Kirpa Promo&quot;,&quot;skip_buttons&quot;:[],&quot;nativecontrolsfortouch&quot;:&quot;false&quot;,&quot;locale&quot;:&quot;es&quot;,&quot;enable_resolutions_plugin&quot;:false}\">\n\t\t\t\t<video id=\"video_kgvid_0\" playsinline controls preload=\"metadata\" poster=\"https:\/\/ncastaneda.com\/wp-content\/uploads\/2023\/01\/15-e1673348331489.png\" width=\"1000\" height=\"563\" class=\"fitvidsignore video-js kg-video-js-skin\">\n\t\t\t\t\t<source src=\"https:\/\/ncastaneda.com\/wp-content\/uploads\/2023\/01\/Kirpa-Promo.mov?id=0\" type=\"video\/mp4\" data-res=\"720p\">\n\t\t\t\t<\/video>\n\t\t\t<\/div>\n\t\t<\/div>\n<h3><strong>Nuestro Repertorio Interactivo para el Arpa Llanera<br \/>\n<\/strong><\/h3>\n<p>Esta plataforma en l\u00ednea le permite aprender el repertorio del Arpa Llanera utilizando materiales de apoyo de audio y video. A trav\u00e9s de esto, usted podr\u00e1:<\/p>\n<p>\u2713 Vea las posiciones de las manos para detallar los elementos t\u00e9cnicos que le ayudar\u00e1n a mejorar la interpretaci\u00f3n en el arpa<\/p>\n<p>\u2713 Descubre las t\u00e9cnicas extendidas de Llanera Harp que te ayudar\u00e1n a expandir tu maestr\u00eda musical en cualquier arpa y repertorio<\/p>\n<p>\u2713 Use una notaci\u00f3n musical tradicional dedicada creada para el arpa llanera que lo ayudar\u00e1 a comprender sus elementos si solo lee la notaci\u00f3n musical occidental.<\/p>\n<p><em><strong>Este Producto Contiene:<\/strong><\/em><\/p>\n<ul>\n<li>Las Notas Musicales en el Arpa Llanera y su Registro<\/li>\n<li>Como Afinar el Arpa Llanera<\/li>\n<li>Simbolog\u00eda usada en el Instrumento<\/li>\n<li>Practica con partituras y sonidos de los instrumentos tradicionales de la m\u00fasica llanera<\/li>\n<\/ul>\n<p><i><b>Requerimientos:<\/b><\/i><\/p>\n<ul>\n<li>Arpa es requerida. Se puede usar cualquier tipo de arpa, pero se prefiere el arpa llanera. Cont\u00e1ctenos a info@ncastaneda.com si necesita comprar un Arpa<\/li>\n<li>Requisitos del sistema: computadora, tableta o laptop con conexi\u00f3n a internet estable. Esta plataforma a\u00fan no est\u00e1 disponible para tel\u00e9fonos m\u00f3viles ni aplicaciones m\u00f3viles... \u00a1actualizaciones pr\u00f3ximamente!<\/li>\n<\/ul>\n<p><i><b>Este producto no incluye:<\/b><\/i><\/p>\n<ul>\n<li>Videos explicativos. Este producto est\u00e1 dise\u00f1ado para que explores el proceso de aprendizaje de forma aut\u00f3nama. Si buscas explicaciones detalladas en tu experiencia con el producto, tambi\u00e9n est\u00e1n disponibles las clases virtuales. Para obtener m\u00e1s informaci\u00f3n, por favor env\u00eda un correo electr\u00f3nico a <b><i>info@ncastaneda.com<\/i><\/b><span lang=\"en\"><br \/>\n<\/span><\/li>\n<\/ul>\n<h4><b>Por favor registra tu cuenta en \u201cRegistrarse\u201d ubicado en el men\u00fa principal, luego sigue los pasos para adquirir el producto.<\/b><\/h4>\n<h4><i>Por favor registra tu cuenta en &#8220;Registrarse&#8221; ubicado en el men\u00fa principal, luego sigue los pasos para adquirir el producto.<\/i><\/h4>\n<p><span lang=\"en\">\u00a0<\/span><\/p>\n<p><span lang=\"en\">\u00a0<\/span><\/p>","protected":false},"excerpt":{"rendered":"<p><span lang=\"en\">\u201cSol Naciente\u201d es una pieza de iniciaci\u00f3n al arpa llanera inspirada en el estilo tradicional de m\u00fasica llanera llamado \u201cKirpa\u201d.<\/span><\/p>","protected":false},"featured_media":13198,"template":"","meta":{"om_disable_all_campaigns":false,"pmpro_default_level":"","_monsterinsights_skip_tracking":false,"_monsterinsights_sitenote_active":false,"_monsterinsights_sitenote_note":"","_monsterinsights_sitenote_category":0},"product_cat":[60],"product_tag":[],"yoast_head":"<!-- This site is optimized with the Yoast SEO plugin v20.11 - https:\/\/yoast.com\/wordpress\/plugins\/seo\/ -->\n<title>Sol Naciente - Arpa Llanera - Nicol\u00e1s Casta\u00f1eda I Colombian Harpist, Composer &amp; Entrepreneur<\/title>\n<meta name=\"description\" content=\"&quot;Sol Naciente&quot; is an initiation piece on the llanera harp inspired from the llanera music folklore style called &quot;Kirpa&quot;.\" \/>\n<meta name=\"robots\" content=\"index, follow, max-snippet:-1, max-image-preview:large, max-video-preview:-1\" \/>\n<link rel=\"canonical\" href=\"https:\/\/ncastaneda.com\/es\/producto\/sol-naciente\/\" \/>\n<meta property=\"og:locale\" content=\"es_ES\" \/>\n<meta property=\"og:type\" content=\"article\" \/>\n<meta property=\"og:title\" content=\"Sol Naciente - Arpa Llanera - Nicol\u00e1s Casta\u00f1eda I Colombian Harpist, Composer &amp; Entrepreneur\" \/>\n<meta property=\"og:description\" content=\"&quot;Sol Naciente&quot; is an initiation piece on the llanera harp inspired from the llanera music folklore style called &quot;Kirpa&quot;.\" \/>\n<meta property=\"og:url\" content=\"https:\/\/ncastaneda.com\/es\/producto\/sol-naciente\/\" \/>\n<meta property=\"og:site_name\" content=\"Nicol\u00e1s Casta\u00f1eda I Colombian Harpist, Composer &amp; Entrepreneur\" \/>\n<meta property=\"article:modified_time\" content=\"2024-08-22T04:50:58+00:00\" \/>\n<meta property=\"og:image\" content=\"https:\/\/ncastaneda.com\/wp-content\/uploads\/2023\/01\/15-e1673348331489.png\" \/>\n\t<meta property=\"og:image:width\" content=\"300\" \/>\n\t<meta property=\"og:image:height\" content=\"479\" \/>\n\t<meta property=\"og:image:type\" content=\"image\/png\" \/>\n<meta name=\"twitter:card\" content=\"summary_large_image\" \/>\n<meta name=\"twitter:label1\" content=\"Tiempo estimado de lectura\" \/>\n\t<meta name=\"twitter:data1\" content=\"2 minutos\" \/>\n<script type=\"application\/ld+json\" class=\"yoast-schema-graph\">{\"@context\":\"https:\/\/schema.org\",\"@graph\":[{\"@type\":\"WebPage\",\"@id\":\"https:\/\/ncastaneda.com\/product\/sol-naciente\/\",\"url\":\"https:\/\/ncastaneda.com\/product\/sol-naciente\/\",\"name\":\"Sol Naciente - Arpa Llanera - Nicol\u00e1s Casta\u00f1eda I Colombian Harpist, Composer &amp; Entrepreneur\",\"isPartOf\":{\"@id\":\"https:\/\/ncastaneda.com\/#website\"},\"datePublished\":\"2023-01-11T14:09:06+00:00\",\"dateModified\":\"2024-08-22T04:50:58+00:00\",\"description\":\"\\\"Sol Naciente\\\" is an initiation piece on the llanera harp inspired from the llanera music folklore style called \\\"Kirpa\\\".\",\"breadcrumb\":{\"@id\":\"https:\/\/ncastaneda.com\/product\/sol-naciente\/#breadcrumb\"},\"inLanguage\":\"es-CO\",\"potentialAction\":[{\"@type\":\"ReadAction\",\"target\":[\"https:\/\/ncastaneda.com\/product\/sol-naciente\/\"]}]},{\"@type\":\"BreadcrumbList\",\"@id\":\"https:\/\/ncastaneda.com\/product\/sol-naciente\/#breadcrumb\",\"itemListElement\":[{\"@type\":\"ListItem\",\"position\":1,\"name\":\"Home\",\"item\":\"https:\/\/ncastaneda.com\/\"},{\"@type\":\"ListItem\",\"position\":2,\"name\":\"Shop\",\"item\":\"https:\/\/ncastaneda.com\/es\/shop\/\"},{\"@type\":\"ListItem\",\"position\":3,\"name\":\"Sol Naciente &#8211; Arpa Llanera\"}]},{\"@type\":\"WebSite\",\"@id\":\"https:\/\/ncastaneda.com\/#website\",\"url\":\"https:\/\/ncastaneda.com\/\",\"name\":\"Nicol\u00e1s Casta\u00f1eda I Colombian Harpist, Composer &amp; Entrepreneur\",\"description\":\"Nicol\u00e1s Casta\u00f1eda Official Website - Check out his coming productions, projects and learn to play the Llanera Harp Online\",\"potentialAction\":[{\"@type\":\"SearchAction\",\"target\":{\"@type\":\"EntryPoint\",\"urlTemplate\":\"https:\/\/ncastaneda.com\/?s={search_term_string}\"},\"query-input\":\"required name=search_term_string\"}],\"inLanguage\":\"es-CO\"}]}<\/script>\n<!-- \/ Yoast SEO plugin. -->","yoast_head_json":{"title":"Sol Naciente - Arpa Llanera - Nicol\u00e1s Casta\u00f1eda I Colombian Harpist, Composer &amp; Entrepreneur","description":"\"Sol Naciente\" is an initiation piece on the llanera harp inspired from the llanera music folklore style called \"Kirpa\".","robots":{"index":"index","follow":"follow","max-snippet":"max-snippet:-1","max-image-preview":"max-image-preview:large","max-video-preview":"max-video-preview:-1"},"canonical":"https:\/\/ncastaneda.com\/es\/producto\/sol-naciente\/","og_locale":"es_ES","og_type":"article","og_title":"Sol Naciente - Arpa Llanera - Nicol\u00e1s Casta\u00f1eda I Colombian Harpist, Composer &amp; Entrepreneur","og_description":"\"Sol Naciente\" is an initiation piece on the llanera harp inspired from the llanera music folklore style called \"Kirpa\".","og_url":"https:\/\/ncastaneda.com\/es\/producto\/sol-naciente\/","og_site_name":"Nicol\u00e1s Casta\u00f1eda I Colombian Harpist, Composer &amp; Entrepreneur","article_modified_time":"2024-08-22T04:50:58+00:00","og_image":[{"width":300,"height":479,"url":"https:\/\/ncastaneda.com\/wp-content\/uploads\/2023\/01\/15-e1673348331489.png","type":"image\/png"}],"twitter_card":"summary_large_image","twitter_misc":{"Tiempo estimado de lectura":"2 minutos"},"schema":{"@context":"https:\/\/schema.org","@graph":[{"@type":"WebPage","@id":"https:\/\/ncastaneda.com\/product\/sol-naciente\/","url":"https:\/\/ncastaneda.com\/product\/sol-naciente\/","name":"Sol Naciente - Arpa Llanera - Nicol\u00e1s Casta\u00f1eda I Colombian Harpist, Composer &amp; Entrepreneur","isPartOf":{"@id":"https:\/\/ncastaneda.com\/#website"},"datePublished":"2023-01-11T14:09:06+00:00","dateModified":"2024-08-22T04:50:58+00:00","description":"\"Sol Naciente\" is an initiation piece on the llanera harp inspired from the llanera music folklore style called \"Kirpa\".","breadcrumb":{"@id":"https:\/\/ncastaneda.com\/product\/sol-naciente\/#breadcrumb"},"inLanguage":"es-CO","potentialAction":[{"@type":"ReadAction","target":["https:\/\/ncastaneda.com\/product\/sol-naciente\/"]}]},{"@type":"BreadcrumbList","@id":"https:\/\/ncastaneda.com\/product\/sol-naciente\/#breadcrumb","itemListElement":[{"@type":"ListItem","position":1,"name":"Home","item":"https:\/\/ncastaneda.com\/"},{"@type":"ListItem","position":2,"name":"Shop","item":"https:\/\/ncastaneda.com\/es\/shop\/"},{"@type":"ListItem","position":3,"name":"Sol Naciente &#8211; Arpa Llanera"}]},{"@type":"WebSite","@id":"https:\/\/ncastaneda.com\/#website","url":"https:\/\/ncastaneda.com\/","name":"Nicol\u00e1s Casta\u00f1eda I Colombian Harpist, Composer &amp; Entrepreneur","description":"Nicol\u00e1s Casta\u00f1eda Official Website - Check out his coming productions, projects and learn to play the Llanera Harp Online","potentialAction":[{"@type":"SearchAction","target":{"@type":"EntryPoint","urlTemplate":"https:\/\/ncastaneda.com\/?s={search_term_string}"},"query-input":"required name=search_term_string"}],"inLanguage":"es-CO"}]}},"_links":{"self":[{"href":"https:\/\/ncastaneda.com\/es\/wp-json\/wp\/v2\/product\/13294"}],"collection":[{"href":"https:\/\/ncastaneda.com\/es\/wp-json\/wp\/v2\/product"}],"about":[{"href":"https:\/\/ncastaneda.com\/es\/wp-json\/wp\/v2\/types\/product"}],"wp:featuredmedia":[{"embeddable":true,"href":"https:\/\/ncastaneda.com\/es\/wp-json\/wp\/v2\/media\/13198"}],"wp:attachment":[{"href":"https:\/\/ncastaneda.com\/es\/wp-json\/wp\/v2\/media?parent=13294"}],"wp:term":[{"taxonomy":"product_cat","embeddable":true,"href":"https:\/\/ncastaneda.com\/es\/wp-json\/wp\/v2\/product_cat?post=13294"},{"taxonomy":"product_tag","embeddable":true,"href":"https:\/\/ncastaneda.com\/es\/wp-json\/wp\/v2\/product_tag?post=13294"}],"curies":[{"name":"wp","href":"https:\/\/api.w.org\/{rel}","templated":true}]}}