{"id":50,"date":"2021-08-12T18:43:21","date_gmt":"2021-08-12T18:43:21","guid":{"rendered":"http:\/\/ncastaneda.com\/?page_id=50"},"modified":"2024-07-24T14:08:51","modified_gmt":"2024-07-24T14:08:51","slug":"about","status":"publish","type":"page","link":"https:\/\/ncastaneda.com\/es\/about\/","title":{"rendered":"Acerca de"},"content":{"rendered":"<div data-elementor-type=\"wp-page\" data-elementor-id=\"50\" class=\"elementor elementor-50\">\n\t\t\t\t\t\t<section class=\"elementor-section elementor-top-section elementor-element elementor-element-938eeed elementor-section-boxed elementor-section-height-default elementor-section-height-default\" data-id=\"938eeed\" data-element_type=\"section\">\n\t\t\t\t\t\t<div class=\"elementor-container elementor-column-gap-default\">\n\t\t\t\t\t<div class=\"elementor-column elementor-col-100 elementor-top-column elementor-element elementor-element-827ec3d\" data-id=\"827ec3d\" data-element_type=\"column\">\n\t\t\t<div class=\"elementor-widget-wrap elementor-element-populated\">\n\t\t\t\t\t\t<section class=\"elementor-section elementor-inner-section elementor-element elementor-element-8aa034c elementor-section-boxed elementor-section-height-default elementor-section-height-default\" data-id=\"8aa034c\" data-element_type=\"section\">\n\t\t\t\t\t\t<div class=\"elementor-container elementor-column-gap-default\">\n\t\t\t\t\t<div class=\"elementor-column elementor-col-50 elementor-inner-column elementor-element elementor-element-f3dff6e\" data-id=\"f3dff6e\" data-element_type=\"column\">\n\t\t\t<div class=\"elementor-widget-wrap elementor-element-populated\">\n\t\t\t\t\t\t<div class=\"elementor-element elementor-element-13a6fda elementor-widget__width-initial elementor-widget elementor-widget-text-editor\" data-id=\"13a6fda\" data-element_type=\"widget\" data-widget_type=\"text-editor.default\">\n\t\t\t\t<div class=\"elementor-widget-container\">\n\t\t\t\t\t\t\t\t\t<p>Arpista, compositor y emprendedor colombiano Nicol\u00e1s Casta\u00f1eda Lozano representa una nueva ola de m\u00fasicos latinoamericanos h\u00e1biles en integrar de manera fluida la innovaci\u00f3n con la tradici\u00f3n. Su creciente carrera se ha caracterizado por una doble b\u00fasqueda: expandir los horizontes del desempe\u00f1o del arpa colombiana y forjar una identidad musical contempor\u00e1nea a trav\u00e9s de la composici\u00f3n. Nacido en Bogot\u00e1, Colombia, en 1989, Casta\u00f1eda inici\u00f3 su trayectoria musical con instrumentos de percusi\u00f3n colombianos, clarinete y el arpa llanera, sumergi\u00e9ndose profundamente en el rico patrimonio musical de su pa\u00eds. Desde sus primeras actuaciones, Casta\u00f1eda ha cosechado elogios en competiciones nacionales e internacionales, estableciendo una reputaci\u00f3n por su excepcional destreza art\u00edstica.<\/p><p>En 2013, Casta\u00f1eda recibi\u00f3 una beca para asistir al Berklee College of Music en Boston, Massachusetts, EE. UU. Durante sus estudios, represent\u00f3 a la universidad en varios eventos y enriqueci\u00f3 su paleta musical mediante colaboraciones con diversas tradiciones musicales.<\/p>\t\t\t\t\t\t\t\t<\/div>\n\t\t\t\t<\/div>\n\t\t\t\t\t<\/div>\n\t\t<\/div>\n\t\t\t\t<div class=\"elementor-column elementor-col-50 elementor-inner-column elementor-element elementor-element-0dfb81b\" data-id=\"0dfb81b\" data-element_type=\"column\">\n\t\t\t<div class=\"elementor-widget-wrap elementor-element-populated\">\n\t\t\t\t\t\t<div class=\"elementor-element elementor-element-9778b67 elementor-widget elementor-widget-spacer\" data-id=\"9778b67\" data-element_type=\"widget\" data-widget_type=\"spacer.default\">\n\t\t\t\t<div class=\"elementor-widget-container\">\n\t\t\t\t\t\t\t<div class=\"elementor-spacer\">\n\t\t\t<div class=\"elementor-spacer-inner\"><\/div>\n\t\t<\/div>\n\t\t\t\t\t\t<\/div>\n\t\t\t\t<\/div>\n\t\t\t\t<div class=\"elementor-element elementor-element-3974467 elementor-widget elementor-widget-image\" data-id=\"3974467\" data-element_type=\"widget\" data-widget_type=\"image.default\">\n\t\t\t\t<div class=\"elementor-widget-container\">\n\t\t\t\t\t\t\t\t\t\t\t\t\t\t\t<img fetchpriority=\"high\" decoding=\"async\" width=\"640\" height=\"427\" src=\"https:\/\/ncastaneda.com\/wp-content\/uploads\/2023\/01\/Nico_color-12-1024x683.jpg\" class=\"attachment-large size-large wp-image-13403\" alt=\"\" srcset=\"https:\/\/ncastaneda.com\/wp-content\/uploads\/2023\/01\/Nico_color-12-1024x683.jpg 1024w, https:\/\/ncastaneda.com\/wp-content\/uploads\/2023\/01\/Nico_color-12-300x200.jpg 300w, https:\/\/ncastaneda.com\/wp-content\/uploads\/2023\/01\/Nico_color-12-768x512.jpg 768w, https:\/\/ncastaneda.com\/wp-content\/uploads\/2023\/01\/Nico_color-12-1536x1024.jpg 1536w, https:\/\/ncastaneda.com\/wp-content\/uploads\/2023\/01\/Nico_color-12-600x400.jpg 600w, https:\/\/ncastaneda.com\/wp-content\/uploads\/2023\/01\/Nico_color-12-18x12.jpg 18w, https:\/\/ncastaneda.com\/wp-content\/uploads\/2023\/01\/Nico_color-12.jpg 1620w\" sizes=\"(max-width: 640px) 100vw, 640px\" \/>\t\t\t\t\t\t\t\t\t\t\t\t\t\t\t<\/div>\n\t\t\t\t<\/div>\n\t\t\t\t\t<\/div>\n\t\t<\/div>\n\t\t\t\t\t<\/div>\n\t\t<\/section>\n\t\t\t\t\t<\/div>\n\t\t<\/div>\n\t\t\t\t\t<\/div>\n\t\t<\/section>\n\t\t\t\t<section class=\"elementor-section elementor-top-section elementor-element elementor-element-92ff9f3 elementor-section-boxed elementor-section-height-default elementor-section-height-default\" data-id=\"92ff9f3\" data-element_type=\"section\">\n\t\t\t\t\t\t<div class=\"elementor-container elementor-column-gap-default\">\n\t\t\t\t\t<div class=\"elementor-column elementor-col-100 elementor-top-column elementor-element elementor-element-a5a8e03\" data-id=\"a5a8e03\" data-element_type=\"column\">\n\t\t\t<div class=\"elementor-widget-wrap elementor-element-populated\">\n\t\t\t\t\t\t<div class=\"elementor-element elementor-element-b1b7045 elementor-widget__width-initial elementor-widget elementor-widget-text-editor\" data-id=\"b1b7045\" data-element_type=\"widget\" data-widget_type=\"text-editor.default\">\n\t\t\t\t<div class=\"elementor-widget-container\">\n\t\t\t\t\t\t\t\t\t<div>En 2015, Casta\u00f1eda fue honrado por la BMI Foundation por sus destacados logros acad\u00e9micos y art\u00edsticos en composici\u00f3n de jazz y producci\u00f3n musical en el Berklee College of Music. Su trayectoria educativa culmin\u00f3 en 2016 con una licenciatura en Composici\u00f3n de Jazz, sentando las bases para sus futuros proyectos.<\/div>\n<div>&nbsp;<\/div>\n<p>En 2022, Casta\u00f1eda recibi\u00f3 una beca completa para cursar estudios de maestr\u00eda en la Academia Sibelius, Universidad de las Artes de Helsinki (UNIARTS) en Helsinki, Finlandia. A lo largo de su programa, se centr\u00f3 en estudios interculturales, participando en colaboraciones con compa\u00f1eros de diversos or\u00edgenes culturales. Su proyecto de investigaci\u00f3n art\u00edstica <a href=\"https:\/\/ncastaneda.com\/research\/\">&#8220;Beyond Tradition: An Intercultural Music Notation Proposal,&#8221;<\/a> explor\u00f3 sistemas innovadores de notaci\u00f3n musical que facilitan colaboraciones musicales interculturales al tiempo que preservan las identidades art\u00edsticas individuales. En 2024, Casta\u00f1eda obtuvo su maestr\u00eda en M\u00fasica Global con especializaciones en Improvisaci\u00f3n y Grabaci\u00f3n y Producci\u00f3n de Sonido, consolidando su experiencia y visi\u00f3n en el panorama musical.<\/p>\n<blockquote>\n<h5>\"Nicol\u00e1s Casta\u00f1eda Lozano es uno de los primeros arpistas de la tradici\u00f3n colombiana en graduarse de universidades de renombre internacional.\"<\/h5>\n<\/blockquote>\n<p>Durante su tiempo en Europa, Casta\u00f1eda particip\u00f3 activamente en la escena art\u00edstica, formando parte de eventos destacados como la Serie Experimental de Helsinki 2024 (HES), el Festival Nomads 2023, los Festivales Music Heals de 2023 y 2022, y el Festival Internacional de M\u00fasica Sonamos Latinoam\u00e9rica 2023 en Copenhague, Dinamarca. Tambi\u00e9n hizo m\u00faltiples apariciones con \"Con Sabor Colombiano\" en el Festival Nomads 2022 y las Noches Globales del Club - Caisa 2023, adem\u00e1s de diversas presentaciones art\u00edsticas y colaboraciones en la Embajada de Colombia en Finlandia.<\/p>\n<p>Radicado en Estados Unidos, Casta\u00f1eda est\u00e1 profundamente comprometido en la creaci\u00f3n de diversas producciones musicales como arpista solista y l\u00edder de conjuntos para sus pr\u00f3ximos \u00e1lbumes. Tambi\u00e9n contribuye activamente a publicaciones acad\u00e9micas como investigador y compositor. Su enfoque principal es avanzar en la m\u00fasica tradicional colombiana a trav\u00e9s de interpretaciones instrumentales, composiciones musicales y materiales educativos en diversos formatos, fusionando elementos musicales tradicionales y contempor\u00e1neos.<\/p>\t\t\t\t\t\t\t\t<\/div>\n\t\t\t\t<\/div>\n\t\t\t\t\t<\/div>\n\t\t<\/div>\n\t\t\t\t\t<\/div>\n\t\t<\/section>\n\t\t\t\t<\/div>","protected":false},"excerpt":{"rendered":"<p>Colombian Harpist, Composer, and Entrepreneur Nicol\u00e1s Casta\u00f1eda Lozano embodies a new wave of Latin American musicians adept at seamlessly integrating innovation with tradition. His burgeoning career has been marked by a dual pursuit: expanding the horizons of Colombian harp performance &hellip; <\/p>","protected":false},"author":1,"featured_media":28,"parent":0,"menu_order":0,"comment_status":"closed","ping_status":"closed","template":"elementor_theme","meta":{"om_disable_all_campaigns":false,"pmpro_default_level":"","_monsterinsights_skip_tracking":false,"_monsterinsights_sitenote_active":false,"_monsterinsights_sitenote_note":"","_monsterinsights_sitenote_category":0,"footnotes":""},"yoast_head":"<!-- This site is optimized with the Yoast SEO plugin v20.11 - https:\/\/yoast.com\/wordpress\/plugins\/seo\/ -->\n<title>About - Nicol\u00e1s Casta\u00f1eda I Colombian Harpist, Composer &amp; Entrepreneur Nicol\u00e1s Casta\u00f1eda<\/title>\n<meta name=\"description\" content=\"Nicol\u00e1s Casta\u00f1eda Lozano represents a new wave of Latin American musicians who have masterfully balanced and blended innovation and tradition\" \/>\n<meta name=\"robots\" content=\"index, follow, max-snippet:-1, max-image-preview:large, max-video-preview:-1\" \/>\n<link rel=\"canonical\" href=\"https:\/\/ncastaneda.com\/es\/about\/\" \/>\n<meta property=\"og:locale\" content=\"es_ES\" \/>\n<meta property=\"og:type\" content=\"article\" \/>\n<meta property=\"og:title\" content=\"About - Nicol\u00e1s Casta\u00f1eda I Colombian Harpist, Composer &amp; Entrepreneur Nicol\u00e1s Casta\u00f1eda\" \/>\n<meta property=\"og:description\" content=\"Nicol\u00e1s Casta\u00f1eda Lozano represents a new wave of Latin American musicians who have masterfully balanced and blended innovation and tradition\" \/>\n<meta property=\"og:url\" content=\"https:\/\/ncastaneda.com\/es\/about\/\" \/>\n<meta property=\"og:site_name\" content=\"Nicol\u00e1s Casta\u00f1eda I Colombian Harpist, Composer &amp; Entrepreneur\" \/>\n<meta property=\"article:modified_time\" content=\"2024-07-24T14:08:51+00:00\" \/>\n<meta property=\"og:image\" content=\"https:\/\/ncastaneda.com\/wp-content\/uploads\/2021\/08\/NCL-website-e1628787168817.jpg\" \/>\n\t<meta property=\"og:image:width\" content=\"1850\" \/>\n\t<meta property=\"og:image:height\" content=\"684\" \/>\n\t<meta property=\"og:image:type\" content=\"image\/jpeg\" \/>\n<meta name=\"twitter:card\" content=\"summary_large_image\" \/>\n<meta name=\"twitter:label1\" content=\"Tiempo estimado de lectura\" \/>\n\t<meta name=\"twitter:data1\" content=\"3 minutos\" \/>\n<script type=\"application\/ld+json\" class=\"yoast-schema-graph\">{\"@context\":\"https:\/\/schema.org\",\"@graph\":[{\"@type\":\"WebPage\",\"@id\":\"https:\/\/ncastaneda.com\/about\/\",\"url\":\"https:\/\/ncastaneda.com\/about\/\",\"name\":\"About - Nicol\u00e1s Casta\u00f1eda I Colombian Harpist, Composer &amp; Entrepreneur Nicol\u00e1s Casta\u00f1eda\",\"isPartOf\":{\"@id\":\"https:\/\/ncastaneda.com\/#website\"},\"datePublished\":\"2021-08-12T18:43:21+00:00\",\"dateModified\":\"2024-07-24T14:08:51+00:00\",\"description\":\"Nicol\u00e1s Casta\u00f1eda Lozano represents a new wave of Latin American musicians who have masterfully balanced and blended innovation and tradition\",\"breadcrumb\":{\"@id\":\"https:\/\/ncastaneda.com\/about\/#breadcrumb\"},\"inLanguage\":\"es-CO\",\"potentialAction\":[{\"@type\":\"ReadAction\",\"target\":[\"https:\/\/ncastaneda.com\/about\/\"]}]},{\"@type\":\"BreadcrumbList\",\"@id\":\"https:\/\/ncastaneda.com\/about\/#breadcrumb\",\"itemListElement\":[{\"@type\":\"ListItem\",\"position\":1,\"name\":\"Home\",\"item\":\"https:\/\/ncastaneda.com\/\"},{\"@type\":\"ListItem\",\"position\":2,\"name\":\"About\"}]},{\"@type\":\"WebSite\",\"@id\":\"https:\/\/ncastaneda.com\/#website\",\"url\":\"https:\/\/ncastaneda.com\/\",\"name\":\"Nicol\u00e1s Casta\u00f1eda I Colombian Harpist, Composer &amp; Entrepreneur\",\"description\":\"Nicol\u00e1s Casta\u00f1eda Official Website - Check out his coming productions, projects and learn to play the Llanera Harp Online\",\"potentialAction\":[{\"@type\":\"SearchAction\",\"target\":{\"@type\":\"EntryPoint\",\"urlTemplate\":\"https:\/\/ncastaneda.com\/?s={search_term_string}\"},\"query-input\":\"required name=search_term_string\"}],\"inLanguage\":\"es-CO\"}]}<\/script>\n<!-- \/ Yoast SEO plugin. -->","yoast_head_json":{"title":"About - Nicol\u00e1s Casta\u00f1eda I Colombian Harpist, Composer &amp; Entrepreneur Nicol\u00e1s Casta\u00f1eda","description":"Nicol\u00e1s Casta\u00f1eda Lozano represents a new wave of Latin American musicians who have masterfully balanced and blended innovation and tradition","robots":{"index":"index","follow":"follow","max-snippet":"max-snippet:-1","max-image-preview":"max-image-preview:large","max-video-preview":"max-video-preview:-1"},"canonical":"https:\/\/ncastaneda.com\/es\/about\/","og_locale":"es_ES","og_type":"article","og_title":"About - Nicol\u00e1s Casta\u00f1eda I Colombian Harpist, Composer &amp; Entrepreneur Nicol\u00e1s Casta\u00f1eda","og_description":"Nicol\u00e1s Casta\u00f1eda Lozano represents a new wave of Latin American musicians who have masterfully balanced and blended innovation and tradition","og_url":"https:\/\/ncastaneda.com\/es\/about\/","og_site_name":"Nicol\u00e1s Casta\u00f1eda I Colombian Harpist, Composer &amp; Entrepreneur","article_modified_time":"2024-07-24T14:08:51+00:00","og_image":[{"width":1850,"height":684,"url":"https:\/\/ncastaneda.com\/wp-content\/uploads\/2021\/08\/NCL-website-e1628787168817.jpg","type":"image\/jpeg"}],"twitter_card":"summary_large_image","twitter_misc":{"Tiempo estimado de lectura":"3 minutos"},"schema":{"@context":"https:\/\/schema.org","@graph":[{"@type":"WebPage","@id":"https:\/\/ncastaneda.com\/about\/","url":"https:\/\/ncastaneda.com\/about\/","name":"About - Nicol\u00e1s Casta\u00f1eda I Colombian Harpist, Composer &amp; Entrepreneur Nicol\u00e1s Casta\u00f1eda","isPartOf":{"@id":"https:\/\/ncastaneda.com\/#website"},"datePublished":"2021-08-12T18:43:21+00:00","dateModified":"2024-07-24T14:08:51+00:00","description":"Nicol\u00e1s Casta\u00f1eda Lozano represents a new wave of Latin American musicians who have masterfully balanced and blended innovation and tradition","breadcrumb":{"@id":"https:\/\/ncastaneda.com\/about\/#breadcrumb"},"inLanguage":"es-CO","potentialAction":[{"@type":"ReadAction","target":["https:\/\/ncastaneda.com\/about\/"]}]},{"@type":"BreadcrumbList","@id":"https:\/\/ncastaneda.com\/about\/#breadcrumb","itemListElement":[{"@type":"ListItem","position":1,"name":"Home","item":"https:\/\/ncastaneda.com\/"},{"@type":"ListItem","position":2,"name":"About"}]},{"@type":"WebSite","@id":"https:\/\/ncastaneda.com\/#website","url":"https:\/\/ncastaneda.com\/","name":"Nicol\u00e1s Casta\u00f1eda I Colombian Harpist, Composer &amp; Entrepreneur","description":"Nicol\u00e1s Casta\u00f1eda Official Website - Check out his coming productions, projects and learn to play the Llanera Harp Online","potentialAction":[{"@type":"SearchAction","target":{"@type":"EntryPoint","urlTemplate":"https:\/\/ncastaneda.com\/?s={search_term_string}"},"query-input":"required name=search_term_string"}],"inLanguage":"es-CO"}]}},"_links":{"self":[{"href":"https:\/\/ncastaneda.com\/es\/wp-json\/wp\/v2\/pages\/50"}],"collection":[{"href":"https:\/\/ncastaneda.com\/es\/wp-json\/wp\/v2\/pages"}],"about":[{"href":"https:\/\/ncastaneda.com\/es\/wp-json\/wp\/v2\/types\/page"}],"author":[{"embeddable":true,"href":"https:\/\/ncastaneda.com\/es\/wp-json\/wp\/v2\/users\/1"}],"replies":[{"embeddable":true,"href":"https:\/\/ncastaneda.com\/es\/wp-json\/wp\/v2\/comments?post=50"}],"version-history":[{"count":77,"href":"https:\/\/ncastaneda.com\/es\/wp-json\/wp\/v2\/pages\/50\/revisions"}],"predecessor-version":[{"id":15280,"href":"https:\/\/ncastaneda.com\/es\/wp-json\/wp\/v2\/pages\/50\/revisions\/15280"}],"wp:featuredmedia":[{"embeddable":true,"href":"https:\/\/ncastaneda.com\/es\/wp-json\/wp\/v2\/media\/28"}],"wp:attachment":[{"href":"https:\/\/ncastaneda.com\/es\/wp-json\/wp\/v2\/media?parent=50"}],"curies":[{"name":"wp","href":"https:\/\/api.w.org\/{rel}","templated":true}]}}