{"id":14940,"date":"2023-08-26T21:55:53","date_gmt":"2023-08-26T21:55:53","guid":{"rendered":"https:\/\/ncastaneda.com\/login\/"},"modified":"2024-07-30T01:55:22","modified_gmt":"2024-07-30T01:55:22","slug":"login","status":"publish","type":"page","link":"https:\/\/ncastaneda.com\/es\/login\/","title":{"rendered":"Acceso"},"content":{"rendered":"<div class=\"um um-login um-14932\">\n\t<div class=\"um-form\">\n\t\t<form method=\"post\" action=\"\" autocomplete=\"off\" data-trp-original-action=\"\">\n\t\t\t<div class=\"um-row _um_row_1\" style=\"margin: 0 0 30px 0;\"><div class=\"um-col-1\"><div  id=\"um_field_14932_username\" class=\"um-field um-field-text  um-field-username um-field-text um-field-type_text\" data-key=\"username\"><div class=\"um-field-label\"><label for=\"username-14932\">Username or E-mail<\/label><div class=\"um-clear\"><\/div><\/div><div class=\"um-field-area\"><input  autocomplete=\"off\" class=\"um-form-field valid\" type=\"text\" name=\"username-14932\" id=\"username-14932\" value=\"\" placeholder=\"\" data-validate=\"unique_username_or_email\" data-key=\"username\"  aria-invalid=\"false\" \/>\n\n\t\t\t\t\t\t<\/div><\/div><div  id=\"um_field_14932_user_password\" class=\"um-field um-field-password  um-field-user_password um-field-password um-field-type_password\" data-key=\"user_password\"><div class=\"um-field-label\"><label for=\"user_password-14932\">Contrase\u00f1a<\/label><div class=\"um-clear\"><\/div><\/div><div class=\"um-field-area\"><input class=\"um-form-field valid\" type=\"password\" name=\"user_password-14932\" id=\"user_password-14932\" value=\"\" placeholder=\"\" data-validate=\"\" data-key=\"user_password\"  aria-invalid=\"false\" \/>\n\n\t\t\t\t\t\t\t<\/div><\/div><\/div><\/div>\t<input type=\"hidden\" name=\"form_id\" id=\"form_id_14932\" value=\"14932\" \/>\n\t\t<p class=\"um_request_name\">\n\t\t<label for=\"um_request_14932\">Only fill in if you are not human<\/label>\n\t\t<input type=\"hidden\" name=\"um_request\" id=\"um_request_14932\" class=\"input\" value=\"\" size=\"25\" autocomplete=\"off\" \/>\n\t<\/p>\n\t<input type=\"hidden\" name=\"redirect_to\" id=\"redirect_to\" value=\"https:\/\/ncastaneda.com\/ma\/\" \/><input type=\"hidden\" id=\"_wpnonce\" name=\"_wpnonce\" value=\"6c7fdd810d\" \/><input type=\"hidden\" name=\"_wp_http_referer\" value=\"\/es\/wp-json\/wp\/v2\/pages\/14940\" \/>\n<div class=\"um-field\">\n\t<div class=\"g-recaptcha\" id=\"um-14932\" data-type=\"image\" data-size=\"normal\" data-theme=\"light\" data-sitekey=\"6Le35SwoAAAAAABctNf1gvBKfNvjM5yUSTA-E1no\"><\/div>\n<\/div>\n\n\n<script type=\"text\/javascript\">\n\t\n\t\tvar onloadCallback = function () {\n\t\t\tjQuery('.g-recaptcha').each( function (i) {\n\t\t\t\tgrecaptcha.render( jQuery(this).attr('id'), {\n\t\t\t\t\t'sitekey': jQuery(this).attr('data-sitekey'),\n\t\t\t\t\t'theme': jQuery(this).attr('data-theme')\n\t\t\t\t});\n\t\t\t});\n\t\t};\n\n\t\tfunction um_recaptcha_refresh() {\n\t\t\tjQuery('.g-recaptcha').html('');\n\t\t\tgrecaptcha.reset();\n\t\t\tonloadCallback();\n\t\t}\n\n\t<\/script>\n\n\t<div class=\"um-col-alt\">\n\n\t\t\n\n\t\t\t<div class=\"um-field um-field-c\">\n\t\t\t\t<div class=\"um-field-area\">\n\t\t\t\t\t<label class=\"um-field-checkbox\">\n\t\t\t\t\t\t<input type=\"checkbox\" name=\"rememberme\" value=\"1\"  \/>\n\t\t\t\t\t\t<span class=\"um-field-checkbox-state\"><i class=\"um-icon-android-checkbox-outline-blank\"><\/i><\/span>\n\t\t\t\t\t\t<span class=\"um-field-checkbox-option\"> Mantenerme conectado<\/span>\n\t\t\t\t\t<\/label>\n\t\t\t\t<\/div>\n\t\t\t<\/div>\n\n\t\t\t\t\t\t<div class=\"um-clear\"><\/div>\n\t\t\n\t\t\t<div class=\"um-center\">\n\t\t\t\t<input type=\"submit\" value=\"Iniciar sesi\u00f3n\" class=\"um-button\" id=\"um-submit-btn\" \/>\n\t\t\t<\/div>\n\n\t\t\n\t\t<div class=\"um-clear\"><\/div>\n\n\t<\/div>\n\n\t\n\t<div class=\"um-col-alt-b\">\n\t\t<a href=\"https:\/\/ncastaneda.com\/es\/password-reset\/\" class=\"um-link-alt\">\n\t\t\t\u00bfHas olvidado tu contrase\u00f1a?\t\t<\/a>\n\t<\/div>\n\n\t\t\t<input type=\"hidden\" name=\"trp-form-language\" value=\"es\"\/><\/form>\n\t<\/div>\n<\/div>\n<style>\n\t\t\t.um-14932.um {\n\t\t\tmax-width: 450px;\n\t\t}\n\t\t<\/style>","protected":false},"excerpt":{"rendered":"","protected":false},"author":1,"featured_media":0,"parent":0,"menu_order":0,"comment_status":"closed","ping_status":"closed","template":"","meta":{"om_disable_all_campaigns":false,"pmpro_default_level":"","_monsterinsights_skip_tracking":false,"_monsterinsights_sitenote_active":false,"_monsterinsights_sitenote_note":"","_monsterinsights_sitenote_category":0,"footnotes":""},"yoast_head":"<!-- This site is optimized with the Yoast SEO plugin v20.11 - https:\/\/yoast.com\/wordpress\/plugins\/seo\/ -->\n<title>Login - Nicol\u00e1s Casta\u00f1eda I Colombian Harpist, Composer &amp; Entrepreneur<\/title>\n<meta name=\"robots\" content=\"noindex, nofollow\" \/>\n<meta property=\"og:locale\" content=\"es_ES\" \/>\n<meta property=\"og:type\" content=\"article\" \/>\n<meta property=\"og:title\" content=\"Login - Nicol\u00e1s Casta\u00f1eda I Colombian Harpist, Composer &amp; Entrepreneur\" \/>\n<meta property=\"og:url\" content=\"https:\/\/ncastaneda.com\/es\/login\/\" \/>\n<meta property=\"og:site_name\" content=\"Nicol\u00e1s Casta\u00f1eda I Colombian Harpist, Composer &amp; Entrepreneur\" \/>\n<meta property=\"article:modified_time\" content=\"2024-07-30T01:55:22+00:00\" \/>\n<meta name=\"twitter:card\" content=\"summary_large_image\" \/>\n<meta name=\"twitter:label1\" content=\"Tiempo estimado de lectura\" \/>\n\t<meta name=\"twitter:data1\" content=\"1 minuto\" \/>\n<script type=\"application\/ld+json\" class=\"yoast-schema-graph\">{\"@context\":\"https:\/\/schema.org\",\"@graph\":[{\"@type\":\"WebPage\",\"@id\":\"https:\/\/ncastaneda.com\/login\/\",\"url\":\"https:\/\/ncastaneda.com\/login\/\",\"name\":\"Login - Nicol\u00e1s Casta\u00f1eda I Colombian Harpist, Composer &amp; Entrepreneur\",\"isPartOf\":{\"@id\":\"https:\/\/ncastaneda.com\/#website\"},\"datePublished\":\"2023-08-26T21:55:53+00:00\",\"dateModified\":\"2024-07-30T01:55:22+00:00\",\"breadcrumb\":{\"@id\":\"https:\/\/ncastaneda.com\/login\/#breadcrumb\"},\"inLanguage\":\"es-CO\",\"potentialAction\":[{\"@type\":\"ReadAction\",\"target\":[\"https:\/\/ncastaneda.com\/login\/\"]}]},{\"@type\":\"BreadcrumbList\",\"@id\":\"https:\/\/ncastaneda.com\/login\/#breadcrumb\",\"itemListElement\":[{\"@type\":\"ListItem\",\"position\":1,\"name\":\"Home\",\"item\":\"https:\/\/ncastaneda.com\/\"},{\"@type\":\"ListItem\",\"position\":2,\"name\":\"Login\"}]},{\"@type\":\"WebSite\",\"@id\":\"https:\/\/ncastaneda.com\/#website\",\"url\":\"https:\/\/ncastaneda.com\/\",\"name\":\"Nicol\u00e1s Casta\u00f1eda I Colombian Harpist, Composer &amp; Entrepreneur\",\"description\":\"Nicol\u00e1s Casta\u00f1eda Official Website - Check out his coming productions, projects and learn to play the Llanera Harp Online\",\"potentialAction\":[{\"@type\":\"SearchAction\",\"target\":{\"@type\":\"EntryPoint\",\"urlTemplate\":\"https:\/\/ncastaneda.com\/?s={search_term_string}\"},\"query-input\":\"required name=search_term_string\"}],\"inLanguage\":\"es-CO\"}]}<\/script>\n<!-- \/ Yoast SEO plugin. -->","yoast_head_json":{"title":"Login - Nicol\u00e1s Casta\u00f1eda I Colombian Harpist, Composer &amp; Entrepreneur","robots":{"index":"noindex","follow":"nofollow"},"og_locale":"es_ES","og_type":"article","og_title":"Login - Nicol\u00e1s Casta\u00f1eda I Colombian Harpist, Composer &amp; Entrepreneur","og_url":"https:\/\/ncastaneda.com\/es\/login\/","og_site_name":"Nicol\u00e1s Casta\u00f1eda I Colombian Harpist, Composer &amp; Entrepreneur","article_modified_time":"2024-07-30T01:55:22+00:00","twitter_card":"summary_large_image","twitter_misc":{"Tiempo estimado de lectura":"1 minuto"},"schema":{"@context":"https:\/\/schema.org","@graph":[{"@type":"WebPage","@id":"https:\/\/ncastaneda.com\/login\/","url":"https:\/\/ncastaneda.com\/login\/","name":"Login - Nicol\u00e1s Casta\u00f1eda I Colombian Harpist, Composer &amp; Entrepreneur","isPartOf":{"@id":"https:\/\/ncastaneda.com\/#website"},"datePublished":"2023-08-26T21:55:53+00:00","dateModified":"2024-07-30T01:55:22+00:00","breadcrumb":{"@id":"https:\/\/ncastaneda.com\/login\/#breadcrumb"},"inLanguage":"es-CO","potentialAction":[{"@type":"ReadAction","target":["https:\/\/ncastaneda.com\/login\/"]}]},{"@type":"BreadcrumbList","@id":"https:\/\/ncastaneda.com\/login\/#breadcrumb","itemListElement":[{"@type":"ListItem","position":1,"name":"Home","item":"https:\/\/ncastaneda.com\/"},{"@type":"ListItem","position":2,"name":"Login"}]},{"@type":"WebSite","@id":"https:\/\/ncastaneda.com\/#website","url":"https:\/\/ncastaneda.com\/","name":"Nicol\u00e1s Casta\u00f1eda I Colombian Harpist, Composer &amp; Entrepreneur","description":"Nicol\u00e1s Casta\u00f1eda Official Website - Check out his coming productions, projects and learn to play the Llanera Harp Online","potentialAction":[{"@type":"SearchAction","target":{"@type":"EntryPoint","urlTemplate":"https:\/\/ncastaneda.com\/?s={search_term_string}"},"query-input":"required name=search_term_string"}],"inLanguage":"es-CO"}]}},"_links":{"self":[{"href":"https:\/\/ncastaneda.com\/es\/wp-json\/wp\/v2\/pages\/14940"}],"collection":[{"href":"https:\/\/ncastaneda.com\/es\/wp-json\/wp\/v2\/pages"}],"about":[{"href":"https:\/\/ncastaneda.com\/es\/wp-json\/wp\/v2\/types\/page"}],"author":[{"embeddable":true,"href":"https:\/\/ncastaneda.com\/es\/wp-json\/wp\/v2\/users\/1"}],"replies":[{"embeddable":true,"href":"https:\/\/ncastaneda.com\/es\/wp-json\/wp\/v2\/comments?post=14940"}],"version-history":[{"count":5,"href":"https:\/\/ncastaneda.com\/es\/wp-json\/wp\/v2\/pages\/14940\/revisions"}],"predecessor-version":[{"id":15078,"href":"https:\/\/ncastaneda.com\/es\/wp-json\/wp\/v2\/pages\/14940\/revisions\/15078"}],"wp:attachment":[{"href":"https:\/\/ncastaneda.com\/es\/wp-json\/wp\/v2\/media?parent=14940"}],"curies":[{"name":"wp","href":"https:\/\/api.w.org\/{rel}","templated":true}]}}