{"id":14929,"date":"2023-08-26T19:30:59","date_gmt":"2023-08-26T19:30:59","guid":{"rendered":"https:\/\/ncastaneda.com\/lp-term-conditions-2\/"},"modified":"2024-08-19T03:30:41","modified_gmt":"2024-08-19T03:30:41","slug":"lp-term-conditions-2","status":"publish","type":"page","link":"https:\/\/ncastaneda.com\/es\/lp-term-conditions-2\/","title":{"rendered":"T\u00e9rminos y Condiciones"},"content":{"rendered":"<div data-elementor-type=\"wp-page\" data-elementor-id=\"14929\" class=\"elementor elementor-14929\">\n\t\t\t\t\t\t<section class=\"elementor-section elementor-top-section elementor-element elementor-element-d74cf46 elementor-section-boxed elementor-section-height-default elementor-section-height-default\" data-id=\"d74cf46\" data-element_type=\"section\">\n\t\t\t\t\t\t<div class=\"elementor-container elementor-column-gap-default\">\n\t\t\t\t\t<div class=\"elementor-column elementor-col-100 elementor-top-column elementor-element elementor-element-59d343f\" data-id=\"59d343f\" data-element_type=\"column\">\n\t\t\t<div class=\"elementor-widget-wrap elementor-element-populated\">\n\t\t\t\t\t\t<div class=\"elementor-element elementor-element-df0d237 elementor-widget elementor-widget-text-editor\" data-id=\"df0d237\" data-element_type=\"widget\" data-widget_type=\"text-editor.default\">\n\t\t\t\t<div class=\"elementor-widget-container\">\n\t\t\t\t\t\t\t\t\t<p><strong style=\"color: var( --e-global-color-text ); font-family: var(--thim-font-body-font-family); font-size: var(--thim-font-body-font-size);\">Fecha de Vigencia<\/strong><span style=\"color: var( --e-global-color-text ); font-weight: var( --e-global-typography-text-font-weight ); font-family: var(--thim-font-body-font-family); font-size: var(--thim-font-body-font-size);\">\u00a008\/18\/2024<\/span><\/p><p><strong>1. Introducci\u00f3n<\/strong><\/p><p>Bienvenido al sitio web de Nicol\u00e1s Casta\u00f1eda (\"nosotros\", \"Nuestro\"). Al acceder o utilizar nuestro sitio web www.ncastaneda.com (el \"Sitio\"), aceptas estar sujeto a estos T\u00e9rminos y Condiciones (\"T\u00e9rminos\"). Si no est\u00e1s de acuerdo con estos T\u00e9rminos, por favor, no utilices Nuestro Sitio.<\/p><p><strong>2. Registro de Cuenta<\/strong><\/p><p>Para acceder a nuestro contenido premium, debes registrarte para obtener una cuenta. Aceptas proporcionar informaci\u00f3n precisa, actual y completa durante el proceso de registro y actualizar dicha informaci\u00f3n para mantenerla precisa, actual y completa. Eres responsable de proteger las credenciales de tu cuenta y de todas las actividades que ocurran bajo tu cuenta.<\/p><p><strong>3. Suscripci\u00f3n y Pagos<\/strong><\/p><ul><li><strong>Suscripci\u00f3n:<\/strong> Ofrecemos una suscripci\u00f3n mensual que te otorga acceso al contenido musical premium en Nuestro Sitio.\u00a0<\/li><li><strong>Tarifas<\/strong> Las tarifas de suscripci\u00f3n est\u00e1n detalladas en nuestra p\u00e1gina de precios. Todas las tarifas se facturan por adelantado de forma recurrente cada mes y no son reembolsables.<\/li><li><strong>M\u00e9todos de Pago<\/strong> Al proporcionar un m\u00e9todo de pago, autorizas a que te cobremos las tarifas de suscripci\u00f3n de forma recurrente. Debes proporcionar informaci\u00f3n de pago v\u00e1lida y actualizarla seg\u00fan sea necesario para asegurar el pago puntual.<\/li><\/ul><p><strong>4. Acceso al contenido<\/strong><\/p><p>Una vez realizado el pago exitoso, obtendr\u00e1s acceso a nuestra biblioteca digital de m\u00fasica y a otro contenido premium. Nos reservamos el derecho de modificar, suspender o descontinuar cualquier parte del contenido o servicios en cualquier momento sin previo aviso.<\/p><p><strong>5. Cancelaciones y Reembolsos<\/strong><\/p><ul><li><strong>Cancelaciones<\/strong> Puedes cancelar tu suscripci\u00f3n en cualquier momento a trav\u00e9s de la configuraci\u00f3n de tu cuenta. Tu suscripci\u00f3n permanecer\u00e1 activa hasta el final del ciclo de facturaci\u00f3n actual.<\/li><li><strong>Reembolsos<\/strong> Las tarifas de suscripci\u00f3n no son reembolsables, y no ofrecemos reembolsos por meses parciales o acceso no utilizado.<\/li><\/ul><p><strong>6. Propiedad Intelectual<\/strong><\/p><p>Todo el contenido en nuestro Sitio, incluyendo m\u00fasica, texto, gr\u00e1ficos y logotipos, es propiedad de ncastaneda.com o de sus licenciantes y est\u00e1 protegido por las leyes de propiedad intelectual. No puedes reproducir, distribuir o crear obras derivadas de nuestro contenido sin nuestro permiso expreso por escrito.<\/p><p><strong>7. Conducta del Usuario<\/strong><\/p><p>You agree not to:<\/p><ul><li>Utilizar el Sitio para ning\u00fan prop\u00f3sito ilegal o no autorizado.<\/li><li>Distribuir, compartir o exhibir p\u00fablicamente nuestro contenido sin permiso.<\/li><li>Suplantar a cualquier persona o entidad o declarar falsamente o representar de otra manera tu afiliaci\u00f3n con cualquier persona o entidad.<\/li><\/ul><p><strong>8. Limitaciones de Responsabilidad<\/strong><\/p><p>En la m\u00e1xima medida permitida por la ley, ncastaneda.com no ser\u00e1 responsable por da\u00f1os indirectos, incidentales, especiales, consecuentes o punitivos que surjan de o est\u00e9n relacionados con tu uso del Sitio o los servicios.<\/p><p><strong>9. Cambio de T\u00e9rminos<\/strong><\/p><p>Podemos actualizar estos T\u00e9rminos de vez en cuando. Te notificaremos sobre cualquier cambio significativo publicando los nuevos T\u00e9rminos en nuestro Sitio. Tu uso continuado del Sitio despu\u00e9s de tales cambios constituye tu aceptaci\u00f3n de los nuevos T\u00e9rminos.<\/p><p><strong>10. Ley Aplicable<\/strong><\/p><p>Estos T\u00e9rminos se rigen e interpretan de acuerdo con las leyes de Nueva Jersey, EE.UU., sin tener en cuenta sus Principios de conflicto de leyes.<\/p><p><strong>11. Cont\u00e1ctanos<\/strong><\/p><p>Si tienes alguna pregunta o inquietud sobre estos T\u00e9rminos, por favor cont\u00e1ctanos en info@ncastaneda.com.<\/p>\t\t\t\t\t\t\t\t<\/div>\n\t\t\t\t<\/div>\n\t\t\t\t\t<\/div>\n\t\t<\/div>\n\t\t\t\t\t<\/div>\n\t\t<\/section>\n\t\t\t\t<\/div>","protected":false},"excerpt":{"rendered":"<p>Effective Date:\u00a008\/18\/2024 1. Introduction Welcome to Nicol\u00e1s Casta\u00f1eda&#8217;s Website (&#8220;we&#8221;, &#8220;us&#8221;, &#8220;our&#8221;). By accessing or using our website www.ncastaneda.com\u00a0 (the &#8220;Site&#8221;), you agree to be bound by these Terms and Conditions (&#8220;Terms&#8221;). If you do not agree with these Terms, &hellip; <\/p>","protected":false},"author":1,"featured_media":0,"parent":0,"menu_order":0,"comment_status":"closed","ping_status":"closed","template":"","meta":{"om_disable_all_campaigns":false,"pmpro_default_level":"","_monsterinsights_skip_tracking":false,"_monsterinsights_sitenote_active":false,"_monsterinsights_sitenote_note":"","_monsterinsights_sitenote_category":0,"footnotes":""},"yoast_head":"<!-- This site is optimized with the Yoast SEO plugin v20.11 - https:\/\/yoast.com\/wordpress\/plugins\/seo\/ -->\n<title>Term Conditions - Nicol\u00e1s Casta\u00f1eda I Colombian Harpist, Composer &amp; Entrepreneur<\/title>\n<meta name=\"robots\" content=\"index, follow, max-snippet:-1, max-image-preview:large, max-video-preview:-1\" \/>\n<link rel=\"canonical\" href=\"https:\/\/ncastaneda.com\/es\/lp-term-conditions-2\/\" \/>\n<meta property=\"og:locale\" content=\"es_ES\" \/>\n<meta property=\"og:type\" content=\"article\" \/>\n<meta property=\"og:title\" content=\"Term Conditions - Nicol\u00e1s Casta\u00f1eda I Colombian Harpist, Composer &amp; Entrepreneur\" \/>\n<meta property=\"og:description\" content=\"Effective Date:\u00a008\/18\/2024 1. Introduction Welcome to Nicol\u00e1s Casta\u00f1eda&#8217;s Website (&#8220;we&#8221;, &#8220;us&#8221;, &#8220;our&#8221;). By accessing or using our website www.ncastaneda.com\u00a0 (the &#8220;Site&#8221;), you agree to be bound by these Terms and Conditions (&#8220;Terms&#8221;). If you do not agree with these Terms, &hellip;\" \/>\n<meta property=\"og:url\" content=\"https:\/\/ncastaneda.com\/es\/lp-term-conditions-2\/\" \/>\n<meta property=\"og:site_name\" content=\"Nicol\u00e1s Casta\u00f1eda I Colombian Harpist, Composer &amp; Entrepreneur\" \/>\n<meta property=\"article:modified_time\" content=\"2024-08-19T03:30:41+00:00\" \/>\n<meta name=\"twitter:card\" content=\"summary_large_image\" \/>\n<meta name=\"twitter:label1\" content=\"Tiempo estimado de lectura\" \/>\n\t<meta name=\"twitter:data1\" content=\"3 minutos\" \/>\n<script type=\"application\/ld+json\" class=\"yoast-schema-graph\">{\"@context\":\"https:\/\/schema.org\",\"@graph\":[{\"@type\":\"WebPage\",\"@id\":\"https:\/\/ncastaneda.com\/lp-term-conditions-2\/\",\"url\":\"https:\/\/ncastaneda.com\/lp-term-conditions-2\/\",\"name\":\"Term Conditions - Nicol\u00e1s Casta\u00f1eda I Colombian Harpist, Composer &amp; Entrepreneur\",\"isPartOf\":{\"@id\":\"https:\/\/ncastaneda.com\/#website\"},\"datePublished\":\"2023-08-26T19:30:59+00:00\",\"dateModified\":\"2024-08-19T03:30:41+00:00\",\"breadcrumb\":{\"@id\":\"https:\/\/ncastaneda.com\/lp-term-conditions-2\/#breadcrumb\"},\"inLanguage\":\"es-CO\",\"potentialAction\":[{\"@type\":\"ReadAction\",\"target\":[\"https:\/\/ncastaneda.com\/lp-term-conditions-2\/\"]}]},{\"@type\":\"BreadcrumbList\",\"@id\":\"https:\/\/ncastaneda.com\/lp-term-conditions-2\/#breadcrumb\",\"itemListElement\":[{\"@type\":\"ListItem\",\"position\":1,\"name\":\"Home\",\"item\":\"https:\/\/ncastaneda.com\/\"},{\"@type\":\"ListItem\",\"position\":2,\"name\":\"Term Conditions\"}]},{\"@type\":\"WebSite\",\"@id\":\"https:\/\/ncastaneda.com\/#website\",\"url\":\"https:\/\/ncastaneda.com\/\",\"name\":\"Nicol\u00e1s Casta\u00f1eda I Colombian Harpist, Composer &amp; Entrepreneur\",\"description\":\"Nicol\u00e1s Casta\u00f1eda Official Website - Check out his coming productions, projects and learn to play the Llanera Harp Online\",\"potentialAction\":[{\"@type\":\"SearchAction\",\"target\":{\"@type\":\"EntryPoint\",\"urlTemplate\":\"https:\/\/ncastaneda.com\/?s={search_term_string}\"},\"query-input\":\"required name=search_term_string\"}],\"inLanguage\":\"es-CO\"}]}<\/script>\n<!-- \/ Yoast SEO plugin. -->","yoast_head_json":{"title":"Term Conditions - Nicol\u00e1s Casta\u00f1eda I Colombian Harpist, Composer &amp; Entrepreneur","robots":{"index":"index","follow":"follow","max-snippet":"max-snippet:-1","max-image-preview":"max-image-preview:large","max-video-preview":"max-video-preview:-1"},"canonical":"https:\/\/ncastaneda.com\/es\/lp-term-conditions-2\/","og_locale":"es_ES","og_type":"article","og_title":"Term Conditions - Nicol\u00e1s Casta\u00f1eda I Colombian Harpist, Composer &amp; Entrepreneur","og_description":"Effective Date:\u00a008\/18\/2024 1. Introduction Welcome to Nicol\u00e1s Casta\u00f1eda&#8217;s Website (&#8220;we&#8221;, &#8220;us&#8221;, &#8220;our&#8221;). By accessing or using our website www.ncastaneda.com\u00a0 (the &#8220;Site&#8221;), you agree to be bound by these Terms and Conditions (&#8220;Terms&#8221;). If you do not agree with these Terms, &hellip;","og_url":"https:\/\/ncastaneda.com\/es\/lp-term-conditions-2\/","og_site_name":"Nicol\u00e1s Casta\u00f1eda I Colombian Harpist, Composer &amp; Entrepreneur","article_modified_time":"2024-08-19T03:30:41+00:00","twitter_card":"summary_large_image","twitter_misc":{"Tiempo estimado de lectura":"3 minutos"},"schema":{"@context":"https:\/\/schema.org","@graph":[{"@type":"WebPage","@id":"https:\/\/ncastaneda.com\/lp-term-conditions-2\/","url":"https:\/\/ncastaneda.com\/lp-term-conditions-2\/","name":"Term Conditions - Nicol\u00e1s Casta\u00f1eda I Colombian Harpist, Composer &amp; Entrepreneur","isPartOf":{"@id":"https:\/\/ncastaneda.com\/#website"},"datePublished":"2023-08-26T19:30:59+00:00","dateModified":"2024-08-19T03:30:41+00:00","breadcrumb":{"@id":"https:\/\/ncastaneda.com\/lp-term-conditions-2\/#breadcrumb"},"inLanguage":"es-CO","potentialAction":[{"@type":"ReadAction","target":["https:\/\/ncastaneda.com\/lp-term-conditions-2\/"]}]},{"@type":"BreadcrumbList","@id":"https:\/\/ncastaneda.com\/lp-term-conditions-2\/#breadcrumb","itemListElement":[{"@type":"ListItem","position":1,"name":"Home","item":"https:\/\/ncastaneda.com\/"},{"@type":"ListItem","position":2,"name":"Term Conditions"}]},{"@type":"WebSite","@id":"https:\/\/ncastaneda.com\/#website","url":"https:\/\/ncastaneda.com\/","name":"Nicol\u00e1s Casta\u00f1eda I Colombian Harpist, Composer &amp; Entrepreneur","description":"Nicol\u00e1s Casta\u00f1eda Official Website - Check out his coming productions, projects and learn to play the Llanera Harp Online","potentialAction":[{"@type":"SearchAction","target":{"@type":"EntryPoint","urlTemplate":"https:\/\/ncastaneda.com\/?s={search_term_string}"},"query-input":"required name=search_term_string"}],"inLanguage":"es-CO"}]}},"_links":{"self":[{"href":"https:\/\/ncastaneda.com\/es\/wp-json\/wp\/v2\/pages\/14929"}],"collection":[{"href":"https:\/\/ncastaneda.com\/es\/wp-json\/wp\/v2\/pages"}],"about":[{"href":"https:\/\/ncastaneda.com\/es\/wp-json\/wp\/v2\/types\/page"}],"author":[{"embeddable":true,"href":"https:\/\/ncastaneda.com\/es\/wp-json\/wp\/v2\/users\/1"}],"replies":[{"embeddable":true,"href":"https:\/\/ncastaneda.com\/es\/wp-json\/wp\/v2\/comments?post=14929"}],"version-history":[{"count":4,"href":"https:\/\/ncastaneda.com\/es\/wp-json\/wp\/v2\/pages\/14929\/revisions"}],"predecessor-version":[{"id":15329,"href":"https:\/\/ncastaneda.com\/es\/wp-json\/wp\/v2\/pages\/14929\/revisions\/15329"}],"wp:attachment":[{"href":"https:\/\/ncastaneda.com\/es\/wp-json\/wp\/v2\/media?parent=14929"}],"curies":[{"name":"wp","href":"https:\/\/api.w.org\/{rel}","templated":true}]}}