{"id":14809,"date":"2023-08-25T21:49:24","date_gmt":"2023-08-25T21:49:24","guid":{"rendered":"https:\/\/ncastaneda.com\/?page_id=14809"},"modified":"2024-08-30T03:32:27","modified_gmt":"2024-08-30T03:32:27","slug":"ma","status":"publish","type":"page","link":"https:\/\/ncastaneda.com\/es\/ma\/","title":{"rendered":"M.A"},"content":{"rendered":"<div data-elementor-type=\"wp-page\" data-elementor-id=\"14809\" class=\"elementor elementor-14809\">\n\t\t\t\t\t\t<section class=\"elementor-section elementor-top-section elementor-element elementor-element-5d3544d elementor-section-boxed elementor-section-height-default elementor-section-height-default\" data-id=\"5d3544d\" data-element_type=\"section\">\n\t\t\t\t\t\t<div class=\"elementor-container elementor-column-gap-default\">\n\t\t\t\t\t<div class=\"elementor-column elementor-col-50 elementor-top-column elementor-element elementor-element-47be5e9\" data-id=\"47be5e9\" data-element_type=\"column\">\n\t\t\t<div class=\"elementor-widget-wrap elementor-element-populated\">\n\t\t\t\t\t\t<div class=\"elementor-element elementor-element-c6b748d elementor-widget elementor-widget-spacer\" data-id=\"c6b748d\" data-element_type=\"widget\" data-widget_type=\"spacer.default\">\n\t\t\t\t<div class=\"elementor-widget-container\">\n\t\t\t\t\t\t\t<div class=\"elementor-spacer\">\n\t\t\t<div class=\"elementor-spacer-inner\"><\/div>\n\t\t<\/div>\n\t\t\t\t\t\t<\/div>\n\t\t\t\t<\/div>\n\t\t\t\t<div class=\"elementor-element elementor-element-29ef11d elementor-widget elementor-widget-heading\" data-id=\"29ef11d\" data-element_type=\"widget\" data-widget_type=\"heading.default\">\n\t\t\t\t<div class=\"elementor-widget-container\">\n\t\t\t\t\t<h2 class=\"elementor-heading-title elementor-size-default\">Detalles de Cuenta<\/h2>\t\t\t\t<\/div>\n\t\t\t\t<\/div>\n\t\t\t\t<div class=\"elementor-element elementor-element-665332d elementor-widget elementor-widget-text-editor\" data-id=\"665332d\" data-element_type=\"widget\" data-widget_type=\"text-editor.default\">\n\t\t\t\t<div class=\"elementor-widget-container\">\n\t\t\t\t\t\t\t\t\t<p><em><strong>Consulta aqu\u00ed la informaci\u00f3n de tu perfil, informaci\u00f3n de cursos y aprendizaje interactivo<\/strong> <br \/><\/em><\/p>\t\t\t\t\t\t\t\t<\/div>\n\t\t\t\t<\/div>\n\t\t\t\t\t<\/div>\n\t\t<\/div>\n\t\t\t\t<div class=\"elementor-column elementor-col-50 elementor-top-column elementor-element elementor-element-81ebf44\" data-id=\"81ebf44\" data-element_type=\"column\">\n\t\t\t<div class=\"elementor-widget-wrap elementor-element-populated\">\n\t\t\t\t\t\t<div class=\"elementor-element elementor-element-1f3eabe elementor-widget elementor-widget-spacer\" data-id=\"1f3eabe\" data-element_type=\"widget\" data-widget_type=\"spacer.default\">\n\t\t\t\t<div class=\"elementor-widget-container\">\n\t\t\t\t\t\t\t<div class=\"elementor-spacer\">\n\t\t\t<div class=\"elementor-spacer-inner\"><\/div>\n\t\t<\/div>\n\t\t\t\t\t\t<\/div>\n\t\t\t\t<\/div>\n\t\t\t\t<div class=\"elementor-element elementor-element-a10ded8 elementor-widget elementor-widget-heading\" data-id=\"a10ded8\" data-element_type=\"widget\" data-widget_type=\"heading.default\">\n\t\t\t\t<div class=\"elementor-widget-container\">\n\t\t\t\t\t<h2 class=\"elementor-heading-title elementor-size-default\">Note:<\/h2>\t\t\t\t<\/div>\n\t\t\t\t<\/div>\n\t\t\t\t<div class=\"elementor-element elementor-element-c1537a1 elementor-widget elementor-widget-text-editor\" data-id=\"c1537a1\" data-element_type=\"widget\" data-widget_type=\"text-editor.default\">\n\t\t\t\t<div class=\"elementor-widget-container\">\n\t\t\t\t\t\t\t\t\t<h4><em>Por favor, reg\u00edstrate usando el men\u00fa principal arriba si deseas comprar y acceder al aprendizaje en l\u00ednea.<\/em><\/h4>\t\t\t\t\t\t\t\t<\/div>\n\t\t\t\t<\/div>\n\t\t\t\t\t<\/div>\n\t\t<\/div>\n\t\t\t\t\t<\/div>\n\t\t<\/section>\n\t\t\t\t<section class=\"elementor-section elementor-top-section elementor-element elementor-element-3832f1d elementor-section-boxed elementor-section-height-default elementor-section-height-default\" data-id=\"3832f1d\" data-element_type=\"section\">\n\t\t\t\t\t\t<div class=\"elementor-container elementor-column-gap-default\">\n\t\t\t\t\t<div class=\"elementor-column elementor-col-50 elementor-top-column elementor-element elementor-element-9a53838\" data-id=\"9a53838\" data-element_type=\"column\">\n\t\t\t<div class=\"elementor-widget-wrap elementor-element-populated\">\n\t\t\t\t\t\t\t<\/div>\n\t\t<\/div>\n\t\t\t\t<div class=\"elementor-column elementor-col-50 elementor-top-column elementor-element elementor-element-9c1afee\" data-id=\"9c1afee\" data-element_type=\"column\">\n\t\t\t<div class=\"elementor-widget-wrap\">\n\t\t\t\t\t\t\t<\/div>\n\t\t<\/div>\n\t\t\t\t\t<\/div>\n\t\t<\/section>\n\t\t\t\t<section class=\"elementor-section elementor-top-section elementor-element elementor-element-1660eae elementor-section-boxed elementor-section-height-default elementor-section-height-default\" data-id=\"1660eae\" data-element_type=\"section\">\n\t\t\t\t\t\t<div class=\"elementor-container elementor-column-gap-default\">\n\t\t\t\t\t<div class=\"elementor-column elementor-col-100 elementor-top-column elementor-element elementor-element-37abf59\" data-id=\"37abf59\" data-element_type=\"column\">\n\t\t\t<div class=\"elementor-widget-wrap elementor-element-populated\">\n\t\t\t\t\t\t<div class=\"elementor-element elementor-element-387e394 elementor-widget-divider--view-line elementor-widget elementor-widget-divider\" data-id=\"387e394\" data-element_type=\"widget\" data-widget_type=\"divider.default\">\n\t\t\t\t<div class=\"elementor-widget-container\">\n\t\t\t\t\t\t\t<div class=\"elementor-divider\">\n\t\t\t<span class=\"elementor-divider-separator\">\n\t\t\t\t\t\t<\/span>\n\t\t<\/div>\n\t\t\t\t\t\t<\/div>\n\t\t\t\t<\/div>\n\t\t\t\t<div class=\"elementor-element elementor-element-5d58d8d elementor-view-default elementor-position-top elementor-mobile-position-top elementor-widget elementor-widget-icon-box\" data-id=\"5d58d8d\" data-element_type=\"widget\" data-widget_type=\"icon-box.default\">\n\t\t\t\t<div class=\"elementor-widget-container\">\n\t\t\t\t\t\t\t<div class=\"elementor-icon-box-wrapper\">\n\n\t\t\t\t\t\t<div class=\"elementor-icon-box-icon\">\n\t\t\t\t<span  class=\"elementor-icon\">\n\t\t\t\t<i aria-hidden=\"true\" class=\"tk tk-book-reader\"><\/i>\t\t\t\t<\/span>\n\t\t\t<\/div>\n\t\t\t\n\t\t\t\t\t\t<div class=\"elementor-icon-box-content\">\n\n\t\t\t\t\t\t\t\t\t<h3 class=\"elementor-icon-box-title\">\n\t\t\t\t\t\t<span  >\n\t\t\t\t\t\t\tProductos Activos\t\t\t\t\t\t<\/span>\n\t\t\t\t\t<\/h3>\n\t\t\t\t\n\t\t\t\t\n\t\t\t<\/div>\n\t\t\t\n\t\t<\/div>\n\t\t\t\t\t\t<\/div>\n\t\t\t\t<\/div>\n\t\t\t\t<div class=\"elementor-element elementor-element-36fb3ec elementor-widget elementor-widget-text-editor\" data-id=\"36fb3ec\" data-element_type=\"widget\" data-widget_type=\"text-editor.default\">\n\t\t\t\t<div class=\"elementor-widget-container\">\n\t\t\t\t\t\t\t\t\t<p style=\"text-align: left;\"><em><strong>Haga clic en el producto a continuaci\u00f3n para obtener acceso a aprendizaje interactivo y cursos en l\u00ednea:<\/strong><br \/><\/em><\/p>\t\t\t\t\t\t\t\t<\/div>\n\t\t\t\t<\/div>\n\t\t\t\t<div class=\"elementor-element elementor-element-5dfa1f3 elementor-widget elementor-widget-shortcode\" data-id=\"5dfa1f3\" data-element_type=\"widget\" data-widget_type=\"shortcode.default\">\n\t\t\t\t<div class=\"elementor-widget-container\">\n\t\t\t\t\t\t\t<div class=\"elementor-shortcode\"><div class=\"edwiser-bridge\"><div class=\"eb-my-courses-wrapper\">\t\t\t<p>\n\t\t\t\tYou are not logged in. <a href='https:\/\/ncastaneda.com\/es\/ma\/'>Haga clic aqu\u00ed<\/a> to login.\t\t\t<\/p>\n\t\t\t<\/div><\/div><\/div>\n\t\t\t\t\t\t<\/div>\n\t\t\t\t<\/div>\n\t\t\t\t<div class=\"elementor-element elementor-element-8606322 elementor-widget elementor-widget-text-editor\" data-id=\"8606322\" data-element_type=\"widget\" data-widget_type=\"text-editor.default\">\n\t\t\t\t<div class=\"elementor-widget-container\">\n\t\t\t\t\t\t\t\t\t<h2 style=\"text-align: left;\"><em><strong>\u00bfA\u00fan no tienes productos ni cursos? Busca m\u00e1s a continuaci\u00f3n:<\/strong><br \/><\/em><\/h2>\t\t\t\t\t\t\t\t<\/div>\n\t\t\t\t<\/div>\n\t\t\t\t<section class=\"elementor-section elementor-inner-section elementor-element elementor-element-b5cf459 elementor-section-boxed elementor-section-height-default elementor-section-height-default\" data-id=\"b5cf459\" data-element_type=\"section\">\n\t\t\t\t\t\t<div class=\"elementor-container elementor-column-gap-default\">\n\t\t\t\t\t<div class=\"elementor-column elementor-col-50 elementor-inner-column elementor-element elementor-element-9b53278\" data-id=\"9b53278\" data-element_type=\"column\" data-settings=\"{&quot;background_background&quot;:&quot;gradient&quot;}\">\n\t\t\t<div class=\"elementor-widget-wrap elementor-element-populated\">\n\t\t\t\t\t\t<div class=\"elementor-element elementor-element-66e9a92 elementor-widget elementor-widget-heading\" data-id=\"66e9a92\" data-element_type=\"widget\" data-widget_type=\"heading.default\">\n\t\t\t\t<div class=\"elementor-widget-container\">\n\t\t\t\t\t<h2 class=\"elementor-heading-title elementor-size-default\"><a href=\"https:\/\/ncastaneda.com\/shop\/\">Ve a Productos de Aprendizaje Interactivo<\/a><\/h2>\t\t\t\t<\/div>\n\t\t\t\t<\/div>\n\t\t\t\t\t<\/div>\n\t\t<\/div>\n\t\t\t\t<div class=\"elementor-column elementor-col-50 elementor-inner-column elementor-element elementor-element-f13077f\" data-id=\"f13077f\" data-element_type=\"column\" data-settings=\"{&quot;background_background&quot;:&quot;gradient&quot;}\">\n\t\t\t<div class=\"elementor-widget-wrap elementor-element-populated\">\n\t\t\t\t\t\t<div class=\"elementor-element elementor-element-87c44ef elementor-widget elementor-widget-heading\" data-id=\"87c44ef\" data-element_type=\"widget\" data-widget_type=\"heading.default\">\n\t\t\t\t<div class=\"elementor-widget-container\">\n\t\t\t\t\t<h2 class=\"elementor-heading-title elementor-size-default\"><a href=\"https:\/\/ncastaneda.com\/courses\/abc-del-arpa-llanera\/\">Ve a Cursos en L\u00ednea<\/a><\/h2>\t\t\t\t<\/div>\n\t\t\t\t<\/div>\n\t\t\t\t\t<\/div>\n\t\t<\/div>\n\t\t\t\t\t<\/div>\n\t\t<\/section>\n\t\t\t\t<div class=\"elementor-element elementor-element-cc1d4db elementor-widget elementor-widget-spacer\" data-id=\"cc1d4db\" data-element_type=\"widget\" data-widget_type=\"spacer.default\">\n\t\t\t\t<div class=\"elementor-widget-container\">\n\t\t\t\t\t\t\t<div class=\"elementor-spacer\">\n\t\t\t<div class=\"elementor-spacer-inner\"><\/div>\n\t\t<\/div>\n\t\t\t\t\t\t<\/div>\n\t\t\t\t<\/div>\n\t\t\t\t<section class=\"elementor-section elementor-inner-section elementor-element elementor-element-3ca8aad elementor-section-boxed elementor-section-height-default elementor-section-height-default\" data-id=\"3ca8aad\" data-element_type=\"section\">\n\t\t\t\t\t\t<div class=\"elementor-container elementor-column-gap-default\">\n\t\t\t\t\t<div class=\"elementor-column elementor-col-100 elementor-inner-column elementor-element elementor-element-f34efbe\" data-id=\"f34efbe\" data-element_type=\"column\" data-settings=\"{&quot;background_background&quot;:&quot;gradient&quot;}\">\n\t\t\t<div class=\"elementor-widget-wrap elementor-element-populated\">\n\t\t\t\t\t\t<div class=\"elementor-element elementor-element-a29883a elementor-widget elementor-widget-heading\" data-id=\"a29883a\" data-element_type=\"widget\" data-widget_type=\"heading.default\">\n\t\t\t\t<div class=\"elementor-widget-container\">\n\t\t\t\t\t<h2 class=\"elementor-heading-title elementor-size-default\"><a href=\"https:\/\/ncastaneda.com\/course-category\/free-trial-period\/\">Ve a Cursos Gratis  de Periodo de Prueba<\/a><\/h2>\t\t\t\t<\/div>\n\t\t\t\t<\/div>\n\t\t\t\t\t<\/div>\n\t\t<\/div>\n\t\t\t\t\t<\/div>\n\t\t<\/section>\n\t\t\t\t<div class=\"elementor-element elementor-element-aaa8955 elementor-widget-divider--view-line elementor-widget elementor-widget-divider\" data-id=\"aaa8955\" data-element_type=\"widget\" data-widget_type=\"divider.default\">\n\t\t\t\t<div class=\"elementor-widget-container\">\n\t\t\t\t\t\t\t<div class=\"elementor-divider\">\n\t\t\t<span class=\"elementor-divider-separator\">\n\t\t\t\t\t\t<\/span>\n\t\t<\/div>\n\t\t\t\t\t\t<\/div>\n\t\t\t\t<\/div>\n\t\t\t\t<div class=\"elementor-element elementor-element-edd0d41 elementor-widget elementor-widget-heading\" data-id=\"edd0d41\" data-element_type=\"widget\" data-widget_type=\"heading.default\">\n\t\t\t\t<div class=\"elementor-widget-container\">\n\t\t\t\t\t<h2 class=\"elementor-heading-title elementor-size-default\">Informaci\u00f3n de Cursos de Periodo de Prueba<\/h2>\t\t\t\t<\/div>\n\t\t\t\t<\/div>\n\t\t\t\t<div class=\"elementor-element elementor-element-a611766 elementor-widget elementor-widget-text-editor\" data-id=\"a611766\" data-element_type=\"widget\" data-widget_type=\"text-editor.default\">\n\t\t\t\t<div class=\"elementor-widget-container\">\n\t\t\t\t\t\t\t\t\t<h2><strong><em>Esta secci\u00f3n es solamente de los cursos de prueba.<\/em><\/strong><\/h2>\t\t\t\t\t\t\t\t<\/div>\n\t\t\t\t<\/div>\n\t\t\t\t<div class=\"elementor-element elementor-element-deaac42 elementor-widget elementor-widget-shortcode\" data-id=\"deaac42\" data-element_type=\"widget\" data-widget_type=\"shortcode.default\">\n\t\t\t\t<div class=\"elementor-widget-container\">\n\t\t\t\t\t\t\t<div class=\"elementor-shortcode\"><div class=\"learnpress\"><div\n\tclass=\"learn-press-message error lp-content-area\">Este shortcode LP Perfil s\u00f3lo se utiliza en la p\u00e1gina <a href=\"https:\/\/ncastaneda.com\/wp-admin\/admin.php?page=learn-press-settings\"><strong>Perfil<\/strong><\/a><\/div>\n<\/div><\/div>\n\t\t\t\t\t\t<\/div>\n\t\t\t\t<\/div>\n\t\t\t\t\t<\/div>\n\t\t<\/div>\n\t\t\t\t\t<\/div>\n\t\t<\/section>\n\t\t\t\t<\/div>","protected":false},"excerpt":{"rendered":"<p>My Account Details Check here your profile information, order information from courses and interactive learning Note: Please register an account using the main menu above if you want to buy and access to the online learning! Active Products Clic to &hellip; <\/p>","protected":false},"author":1,"featured_media":0,"parent":0,"menu_order":0,"comment_status":"closed","ping_status":"closed","template":"elementor_theme","meta":{"om_disable_all_campaigns":false,"pmpro_default_level":"","_monsterinsights_skip_tracking":false,"_monsterinsights_sitenote_active":false,"_monsterinsights_sitenote_note":"","_monsterinsights_sitenote_category":0,"footnotes":""},"yoast_head":"<!-- This site is optimized with the Yoast SEO plugin v20.11 - https:\/\/yoast.com\/wordpress\/plugins\/seo\/ -->\n<title>M.A - Nicol\u00e1s Casta\u00f1eda I Colombian Harpist, Composer &amp; Entrepreneur<\/title>\n<meta name=\"robots\" content=\"noindex, nofollow\" \/>\n<meta property=\"og:locale\" content=\"es_ES\" \/>\n<meta property=\"og:type\" content=\"article\" \/>\n<meta property=\"og:title\" content=\"M.A - Nicol\u00e1s Casta\u00f1eda I Colombian Harpist, Composer &amp; Entrepreneur\" \/>\n<meta property=\"og:description\" content=\"My Account Details Check here your profile information, order information from courses and interactive learning Note: Please register an account using the main menu above if you want to buy and access to the online learning! Active Products Clic to &hellip;\" \/>\n<meta property=\"og:url\" content=\"https:\/\/ncastaneda.com\/es\/ma\/\" \/>\n<meta property=\"og:site_name\" content=\"Nicol\u00e1s Casta\u00f1eda I Colombian Harpist, Composer &amp; Entrepreneur\" \/>\n<meta property=\"article:modified_time\" content=\"2024-08-30T03:32:27+00:00\" \/>\n<meta name=\"twitter:card\" content=\"summary_large_image\" \/>\n<meta name=\"twitter:label1\" content=\"Tiempo estimado de lectura\" \/>\n\t<meta name=\"twitter:data1\" content=\"1 minuto\" \/>\n<script type=\"application\/ld+json\" class=\"yoast-schema-graph\">{\"@context\":\"https:\/\/schema.org\",\"@graph\":[{\"@type\":\"WebPage\",\"@id\":\"https:\/\/ncastaneda.com\/ma\/\",\"url\":\"https:\/\/ncastaneda.com\/ma\/\",\"name\":\"M.A - Nicol\u00e1s Casta\u00f1eda I Colombian Harpist, Composer &amp; Entrepreneur\",\"isPartOf\":{\"@id\":\"https:\/\/ncastaneda.com\/#website\"},\"datePublished\":\"2023-08-25T21:49:24+00:00\",\"dateModified\":\"2024-08-30T03:32:27+00:00\",\"breadcrumb\":{\"@id\":\"https:\/\/ncastaneda.com\/ma\/#breadcrumb\"},\"inLanguage\":\"es-CO\",\"potentialAction\":[{\"@type\":\"ReadAction\",\"target\":[\"https:\/\/ncastaneda.com\/ma\/\"]}]},{\"@type\":\"BreadcrumbList\",\"@id\":\"https:\/\/ncastaneda.com\/ma\/#breadcrumb\",\"itemListElement\":[{\"@type\":\"ListItem\",\"position\":1,\"name\":\"Home\",\"item\":\"https:\/\/ncastaneda.com\/\"},{\"@type\":\"ListItem\",\"position\":2,\"name\":\"M.A\"}]},{\"@type\":\"WebSite\",\"@id\":\"https:\/\/ncastaneda.com\/#website\",\"url\":\"https:\/\/ncastaneda.com\/\",\"name\":\"Nicol\u00e1s Casta\u00f1eda I Colombian Harpist, Composer &amp; Entrepreneur\",\"description\":\"Nicol\u00e1s Casta\u00f1eda Official Website - Check out his coming productions, projects and learn to play the Llanera Harp Online\",\"potentialAction\":[{\"@type\":\"SearchAction\",\"target\":{\"@type\":\"EntryPoint\",\"urlTemplate\":\"https:\/\/ncastaneda.com\/?s={search_term_string}\"},\"query-input\":\"required name=search_term_string\"}],\"inLanguage\":\"es-CO\"}]}<\/script>\n<!-- \/ Yoast SEO plugin. -->","yoast_head_json":{"title":"M.A - Nicol\u00e1s Casta\u00f1eda I Colombian Harpist, Composer &amp; Entrepreneur","robots":{"index":"noindex","follow":"nofollow"},"og_locale":"es_ES","og_type":"article","og_title":"M.A - Nicol\u00e1s Casta\u00f1eda I Colombian Harpist, Composer &amp; Entrepreneur","og_description":"My Account Details Check here your profile information, order information from courses and interactive learning Note: Please register an account using the main menu above if you want to buy and access to the online learning! Active Products Clic to &hellip;","og_url":"https:\/\/ncastaneda.com\/es\/ma\/","og_site_name":"Nicol\u00e1s Casta\u00f1eda I Colombian Harpist, Composer &amp; Entrepreneur","article_modified_time":"2024-08-30T03:32:27+00:00","twitter_card":"summary_large_image","twitter_misc":{"Tiempo estimado de lectura":"1 minuto"},"schema":{"@context":"https:\/\/schema.org","@graph":[{"@type":"WebPage","@id":"https:\/\/ncastaneda.com\/ma\/","url":"https:\/\/ncastaneda.com\/ma\/","name":"M.A - Nicol\u00e1s Casta\u00f1eda I Colombian Harpist, Composer &amp; Entrepreneur","isPartOf":{"@id":"https:\/\/ncastaneda.com\/#website"},"datePublished":"2023-08-25T21:49:24+00:00","dateModified":"2024-08-30T03:32:27+00:00","breadcrumb":{"@id":"https:\/\/ncastaneda.com\/ma\/#breadcrumb"},"inLanguage":"es-CO","potentialAction":[{"@type":"ReadAction","target":["https:\/\/ncastaneda.com\/ma\/"]}]},{"@type":"BreadcrumbList","@id":"https:\/\/ncastaneda.com\/ma\/#breadcrumb","itemListElement":[{"@type":"ListItem","position":1,"name":"Home","item":"https:\/\/ncastaneda.com\/"},{"@type":"ListItem","position":2,"name":"M.A"}]},{"@type":"WebSite","@id":"https:\/\/ncastaneda.com\/#website","url":"https:\/\/ncastaneda.com\/","name":"Nicol\u00e1s Casta\u00f1eda I Colombian Harpist, Composer &amp; Entrepreneur","description":"Nicol\u00e1s Casta\u00f1eda Official Website - Check out his coming productions, projects and learn to play the Llanera Harp Online","potentialAction":[{"@type":"SearchAction","target":{"@type":"EntryPoint","urlTemplate":"https:\/\/ncastaneda.com\/?s={search_term_string}"},"query-input":"required name=search_term_string"}],"inLanguage":"es-CO"}]}},"_links":{"self":[{"href":"https:\/\/ncastaneda.com\/es\/wp-json\/wp\/v2\/pages\/14809"}],"collection":[{"href":"https:\/\/ncastaneda.com\/es\/wp-json\/wp\/v2\/pages"}],"about":[{"href":"https:\/\/ncastaneda.com\/es\/wp-json\/wp\/v2\/types\/page"}],"author":[{"embeddable":true,"href":"https:\/\/ncastaneda.com\/es\/wp-json\/wp\/v2\/users\/1"}],"replies":[{"embeddable":true,"href":"https:\/\/ncastaneda.com\/es\/wp-json\/wp\/v2\/comments?post=14809"}],"version-history":[{"count":143,"href":"https:\/\/ncastaneda.com\/es\/wp-json\/wp\/v2\/pages\/14809\/revisions"}],"predecessor-version":[{"id":15366,"href":"https:\/\/ncastaneda.com\/es\/wp-json\/wp\/v2\/pages\/14809\/revisions\/15366"}],"wp:attachment":[{"href":"https:\/\/ncastaneda.com\/es\/wp-json\/wp\/v2\/media?parent=14809"}],"curies":[{"name":"wp","href":"https:\/\/api.w.org\/{rel}","templated":true}]}}