{"id":14539,"date":"2023-07-18T18:12:14","date_gmt":"2023-07-18T18:12:14","guid":{"rendered":"https:\/\/ncastaneda.com\/eb-courses\/"},"modified":"2024-07-04T04:50:27","modified_gmt":"2024-07-04T04:50:27","slug":"eb-courses","status":"publish","type":"page","link":"https:\/\/ncastaneda.com\/es\/eb-courses\/","title":{"rendered":"Courses"},"content":{"rendered":"<div class=\"edwiser-bridge\"><form class=\"eb_filter_and_sorting\" method=\"get\" action=\"\">\n\t<input type=\"hidden\" name=\"eb_courses_page_key\" value=\"bb4e0d9ec9\">\n\n\t<div class='eb_archive_filter'>\n\t\t<label class=\"eb_archive_filter_lbl\"> Filter Courses by Category: <\/label>\n\t\t<select name=\"eb_category_filter\" id=\"eb_category_filter\" class=\"\" >\n\t\t\t<option value=\"eb_archive_filter_all\" >All<\/option>\n\n\t\t\t\t\t\t\t<option value=\"79\" >Arpa Llanera - LLanera Harp<\/option>\n\t\t\t\t\t\t\t<option value=\"76\" >Arpa Llanera \/ Llanera Harp<\/option>\n\t\t\t\t\t\t\t<option value=\"77\" >Digital Books<\/option>\n\t\t\t\t\t\t\t<option value=\"78\" >Latin American Instruments<\/option>\n\t\t\t\t\t<\/select>\n\t<\/div>\n\n\t<div class='eb_archive_sort'>\n\t\t<label class=\"eb_archive_sort_lbl\"> Sort by: <\/label>\n\t\t<select name=\"eb_category_sort\" id=\"eb_category_sort\" class=\"\" >\n\t\t\t<option value=\"eb_archive_sort_a_z\" >Default A to Z<\/option>\n\t\t\t<option value=\"eb_archive_sort_z_a\" >Sort Z to A<\/option>\n\t\t\t<option value=\"eb_archive_latest\" >Sort by latest<\/option>\n\t\t\t<option value=\"eb_archive_oldest\" >Sort by oldest<\/option>\n\t\t<\/select>\n\t<\/div>\n<input type=\"hidden\" name=\"trp-form-language\" value=\"es\"\/><\/form>\n\t\t\t<div class='eb-cat-parent'>\n\t\t\t\t\t<div class=\"sc-eb_courses-wrapper eb_course_cards_wrap\">\n\t\t\t\t\t\t\n<div id=\"post-14546\" class=\"wdm-col-3-2-1 eb-course-card eb-course-col wdm-course-grid-wrap no-access post-14546 eb_course type-eb_course status-publish has-post-thumbnail hentry eb_course_cat-arpallanera-llaneraharp-latinamericaninstruments pmpro-has-access\" title=\"Click to read more about 4 Fingers Etude\/ Ejercicio a 4 Dedos course\">\n\t<div class=\"eb-grid-container\">\n\t\t<div class=\"wdm-course-grid\">\n\n\t\t\t\t\t<a href=\"https:\/\/ncastaneda.com\/es\/courses\/4-fingers-etude-ejercicio-a-4-dedos\/\" rel=\"bookmark\" class=\"wdm-course-thumbnail\">\n\t\t\t\t<!-- Course card image container -->\n\t\t\t\t<div class=\"wdm-course-image\">\n\t\t\t\t\t<img decoding=\"async\" src=\"https:\/\/ncastaneda.com\/wp-content\/uploads\/2023\/01\/2-e1673350153462.png\"\/>\n\t\t\t\t<\/div>\n\t\t\t\t<div class=\"wdm-caption\">\n\t\t\t\t\t<div  class=\"eb-cat-wrapper-new\">\n\t\t\t\t\tArpa Llanera - LLanera Harp\t\t\t\t\t<\/div>\n\n\t\t\t\t\t<div class=\"eb-course-title eb-course-card-title\">4 Fingers Etude\/ Ejercicio a 4 Dedos<\/div>\n\n\t\t\t\t\t\n\t\t\t\t\t<div>\n\t\t\t\t\t\t<p class=\"eb_short_desc\">\n\t\t\t\t\t\t\t \n\t\t\t\t\t\t<\/p>\n\t\t\t\t\t<\/div>\n\n\t\t\t\t\t\t<div class=\"wdm-price paid\">\n\t\tFree\t<\/div>\n\t\t\t\t\t<\/div>\n\t\t\t<\/a>\n\n\t\t\t\t\t<\/div>\n\t<\/div>\n\t<!-- .wdm-course-grid -->\n<\/div><!-- #post -->\n\n<div id=\"post-14542\" class=\"wdm-col-3-2-1 eb-course-card eb-course-col wdm-course-grid-wrap no-access post-14542 eb_course type-eb_course status-publish has-post-thumbnail hentry eb_course_cat-arpallanera-llaneraharp pmpro-has-access\" title=\"Click to read more about ABC del Arpa Llanera &#8211; Parte 1: Conceptos B\u00e1sicos course\">\n\t<div class=\"eb-grid-container\">\n\t\t<div class=\"wdm-course-grid\">\n\n\t\t\t\t\t<a href=\"https:\/\/ncastaneda.com\/es\/courses\/abc-del-arpa-llanera-parte-1-conceptos-basicos\/\" rel=\"bookmark\" class=\"wdm-course-thumbnail\">\n\t\t\t\t<!-- Course card image container -->\n\t\t\t\t<div class=\"wdm-course-image\">\n\t\t\t\t\t<img decoding=\"async\" src=\"https:\/\/ncastaneda.com\/wp-content\/uploads\/2023\/01\/Screen-Shot-2023-01-22-at-12.45.43-PM.png\"\/>\n\t\t\t\t<\/div>\n\t\t\t\t<div class=\"wdm-caption\">\n\t\t\t\t\t<div  class=\"eb-cat-wrapper-new\">\n\t\t\t\t\tArpa Llanera \/ Llanera Harp\t\t\t\t\t<\/div>\n\n\t\t\t\t\t<div class=\"eb-course-title eb-course-card-title\">ABC del Arpa Llanera &#8211; Parte 1: Conceptos B\u00e1sicos<\/div>\n\n\t\t\t\t\t\n\t\t\t\t\t<div>\n\t\t\t\t\t\t<p class=\"eb_short_desc\">\n\t\t\t\t\t\t\t \n\t\t\t\t\t\t<\/p>\n\t\t\t\t\t<\/div>\n\n\t\t\t\t\t\t<div class=\"wdm-price paid\">\n\t\tFree\t<\/div>\n\t\t\t\t\t<\/div>\n\t\t\t<\/a>\n\n\t\t\t\t\t<\/div>\n\t<\/div>\n\t<!-- .wdm-course-grid -->\n<\/div><!-- #post -->\n\n<div id=\"post-14541\" class=\"wdm-col-3-2-1 eb-course-card eb-course-col wdm-course-grid-wrap no-access post-14541 eb_course type-eb_course status-publish has-post-thumbnail hentry eb_course_cat-arpallanera-llaneraharp pmpro-has-access\" title=\"Click to read more about ABC del Arpa Llanera &#8211; Parte 2: \u00a1Vamos a tocar! course\">\n\t<div class=\"eb-grid-container\">\n\t\t<div class=\"wdm-course-grid\">\n\n\t\t\t\t\t<a href=\"https:\/\/ncastaneda.com\/es\/courses\/abc-del-arpa-llanera-parte-2-vamos-a-tocar\/\" rel=\"bookmark\" class=\"wdm-course-thumbnail\">\n\t\t\t\t<!-- Course card image container -->\n\t\t\t\t<div class=\"wdm-course-image\">\n\t\t\t\t\t<img decoding=\"async\" src=\"https:\/\/ncastaneda.com\/wp-content\/uploads\/2023\/01\/Screen-Shot-2023-01-22-at-12.45.43-PM.png\"\/>\n\t\t\t\t<\/div>\n\t\t\t\t<div class=\"wdm-caption\">\n\t\t\t\t\t<div  class=\"eb-cat-wrapper-new\">\n\t\t\t\t\tArpa Llanera \/ Llanera Harp\t\t\t\t\t<\/div>\n\n\t\t\t\t\t<div class=\"eb-course-title eb-course-card-title\">ABC del Arpa Llanera &#8211; Parte 2: \u00a1Vamos a tocar!<\/div>\n\n\t\t\t\t\t\n\t\t\t\t\t<div>\n\t\t\t\t\t\t<p class=\"eb_short_desc\">\n\t\t\t\t\t\t\t \n\t\t\t\t\t\t<\/p>\n\t\t\t\t\t<\/div>\n\n\t\t\t\t\t\t<div class=\"wdm-price paid\">\n\t\tFree\t<\/div>\n\t\t\t\t\t<\/div>\n\t\t\t<\/a>\n\n\t\t\t\t\t<\/div>\n\t<\/div>\n\t<!-- .wdm-course-grid -->\n<\/div><!-- #post -->\n\n<div id=\"post-14543\" class=\"wdm-col-3-2-1 eb-course-card eb-course-col wdm-course-grid-wrap no-access post-14543 eb_course type-eb_course status-publish has-post-thumbnail hentry eb_course_cat-arpallanera-llaneraharp pmpro-has-access\" title=\"Click to read more about ABC of the Llanera Harp &#8211; Part 1: The Basics course\">\n\t<div class=\"eb-grid-container\">\n\t\t<div class=\"wdm-course-grid\">\n\n\t\t\t\t\t<a href=\"https:\/\/ncastaneda.com\/es\/courses\/abc-of-the-llanera-harp-part-1-the-basics\/\" rel=\"bookmark\" class=\"wdm-course-thumbnail\">\n\t\t\t\t<!-- Course card image container -->\n\t\t\t\t<div class=\"wdm-course-image\">\n\t\t\t\t\t<img decoding=\"async\" src=\"https:\/\/ncastaneda.com\/wp-content\/uploads\/2023\/01\/Screen-Shot-2023-01-22-at-12.45.43-PM.png\"\/>\n\t\t\t\t<\/div>\n\t\t\t\t<div class=\"wdm-caption\">\n\t\t\t\t\t<div  class=\"eb-cat-wrapper-new\">\n\t\t\t\t\tArpa Llanera \/ Llanera Harp\t\t\t\t\t<\/div>\n\n\t\t\t\t\t<div class=\"eb-course-title eb-course-card-title\">ABC of the Llanera Harp &#8211; Part 1: The Basics<\/div>\n\n\t\t\t\t\t\n\t\t\t\t\t<div>\n\t\t\t\t\t\t<p class=\"eb_short_desc\">\n\t\t\t\t\t\t\t \n\t\t\t\t\t\t<\/p>\n\t\t\t\t\t<\/div>\n\n\t\t\t\t\t\t<div class=\"wdm-price paid\">\n\t\tFree\t<\/div>\n\t\t\t\t\t<\/div>\n\t\t\t<\/a>\n\n\t\t\t\t\t<\/div>\n\t<\/div>\n\t<!-- .wdm-course-grid -->\n<\/div><!-- #post -->\n\n<div id=\"post-14544\" class=\"wdm-col-3-2-1 eb-course-card eb-course-col wdm-course-grid-wrap no-access post-14544 eb_course type-eb_course status-publish has-post-thumbnail hentry eb_course_cat-arpallanera-llaneraharp pmpro-has-access\" title=\"Click to read more about ABC of the Llanera Harp &#8211; Part 2: Let&#8217;s Play! course\">\n\t<div class=\"eb-grid-container\">\n\t\t<div class=\"wdm-course-grid\">\n\n\t\t\t\t\t<a href=\"https:\/\/ncastaneda.com\/es\/courses\/abc-of-the-llanera-harp-part-2-lets-play\/\" rel=\"bookmark\" class=\"wdm-course-thumbnail\">\n\t\t\t\t<!-- Course card image container -->\n\t\t\t\t<div class=\"wdm-course-image\">\n\t\t\t\t\t<img decoding=\"async\" src=\"https:\/\/ncastaneda.com\/wp-content\/uploads\/2023\/01\/Screen-Shot-2023-01-22-at-12.45.43-PM.png\"\/>\n\t\t\t\t<\/div>\n\t\t\t\t<div class=\"wdm-caption\">\n\t\t\t\t\t<div  class=\"eb-cat-wrapper-new\">\n\t\t\t\t\tArpa Llanera \/ Llanera Harp\t\t\t\t\t<\/div>\n\n\t\t\t\t\t<div class=\"eb-course-title eb-course-card-title\">ABC of the Llanera Harp &#8211; Part 2: Let&#8217;s Play!<\/div>\n\n\t\t\t\t\t\n\t\t\t\t\t<div>\n\t\t\t\t\t\t<p class=\"eb_short_desc\">\n\t\t\t\t\t\t\t \n\t\t\t\t\t\t<\/p>\n\t\t\t\t\t<\/div>\n\n\t\t\t\t\t\t<div class=\"wdm-price paid\">\n\t\tFree\t<\/div>\n\t\t\t\t\t<\/div>\n\t\t\t<\/a>\n\n\t\t\t\t\t<\/div>\n\t<\/div>\n\t<!-- .wdm-course-grid -->\n<\/div><!-- #post -->\n\n<div id=\"post-14558\" class=\"wdm-col-3-2-1 eb-course-card eb-course-col wdm-course-grid-wrap no-access post-14558 eb_course type-eb_course status-publish has-post-thumbnail hentry eb_course_cat-arpallanera-llaneraharp-latinamericaninstruments pmpro-has-access\" title=\"Click to read more about Caracoleando Tus Recuerdos &#8211; Beginners Llanera Harp Pieces course\">\n\t<div class=\"eb-grid-container\">\n\t\t<div class=\"wdm-course-grid\">\n\n\t\t\t\t\t<a href=\"https:\/\/ncastaneda.com\/es\/courses\/caracoleando-tus-recuerdos-beginners-llanera-harp-pieces\/\" rel=\"bookmark\" class=\"wdm-course-thumbnail\">\n\t\t\t\t<!-- Course card image container -->\n\t\t\t\t<div class=\"wdm-course-image\">\n\t\t\t\t\t<img decoding=\"async\" src=\"https:\/\/ncastaneda.com\/wp-content\/uploads\/2023\/01\/9-e1673348508759.png\"\/>\n\t\t\t\t<\/div>\n\t\t\t\t<div class=\"wdm-caption\">\n\t\t\t\t\t<div  class=\"eb-cat-wrapper-new\">\n\t\t\t\t\tArpa Llanera - LLanera Harp\t\t\t\t\t<\/div>\n\n\t\t\t\t\t<div class=\"eb-course-title eb-course-card-title\">Caracoleando Tus Recuerdos &#8211; Beginners Llanera Harp Pieces<\/div>\n\n\t\t\t\t\t\n\t\t\t\t\t<div>\n\t\t\t\t\t\t<p class=\"eb_short_desc\">\n\t\t\t\t\t\t\t \n\t\t\t\t\t\t<\/p>\n\t\t\t\t\t<\/div>\n\n\t\t\t\t\t\t<div class=\"wdm-price paid\">\n\t\tFree\t<\/div>\n\t\t\t\t\t<\/div>\n\t\t\t<\/a>\n\n\t\t\t\t\t<\/div>\n\t<\/div>\n\t<!-- .wdm-course-grid -->\n<\/div><!-- #post -->\n\n<div id=\"post-14551\" class=\"wdm-col-3-2-1 eb-course-card eb-course-col wdm-course-grid-wrap no-access post-14551 eb_course type-eb_course status-publish has-post-thumbnail hentry eb_course_cat-arpallanera-llaneraharp-latinamericaninstruments pmpro-has-access\" title=\"Click to read more about Comping Etude No. 1 &#8211; Ejercicio de Acompa\u00f1amiento No. 1 course\">\n\t<div class=\"eb-grid-container\">\n\t\t<div class=\"wdm-course-grid\">\n\n\t\t\t\t\t<a href=\"https:\/\/ncastaneda.com\/es\/courses\/comping-etude-no-1-ejercicio-de-acompanamiento-no-1\/\" rel=\"bookmark\" class=\"wdm-course-thumbnail\">\n\t\t\t\t<!-- Course card image container -->\n\t\t\t\t<div class=\"wdm-course-image\">\n\t\t\t\t\t<img decoding=\"async\" src=\"https:\/\/ncastaneda.com\/wp-content\/uploads\/2023\/01\/7-e1673350826478.png\"\/>\n\t\t\t\t<\/div>\n\t\t\t\t<div class=\"wdm-caption\">\n\t\t\t\t\t<div  class=\"eb-cat-wrapper-new\">\n\t\t\t\t\tArpa Llanera - LLanera Harp\t\t\t\t\t<\/div>\n\n\t\t\t\t\t<div class=\"eb-course-title eb-course-card-title\">Comping Etude No. 1 &#8211; Ejercicio de Acompa\u00f1amiento No. 1<\/div>\n\n\t\t\t\t\t\n\t\t\t\t\t<div>\n\t\t\t\t\t\t<p class=\"eb_short_desc\">\n\t\t\t\t\t\t\t \n\t\t\t\t\t\t<\/p>\n\t\t\t\t\t<\/div>\n\n\t\t\t\t\t\t<div class=\"wdm-price paid\">\n\t\tFree\t<\/div>\n\t\t\t\t\t<\/div>\n\t\t\t<\/a>\n\n\t\t\t\t\t<\/div>\n\t<\/div>\n\t<!-- .wdm-course-grid -->\n<\/div><!-- #post -->\n\n<div id=\"post-14552\" class=\"wdm-col-3-2-1 eb-course-card eb-course-col wdm-course-grid-wrap no-access post-14552 eb_course type-eb_course status-publish has-post-thumbnail hentry eb_course_cat-arpallanera-llaneraharp-latinamericaninstruments pmpro-has-access\" title=\"Click to read more about Comping Etude No.2 &#8211; Ejercicio de Acompa\u00f1amiento No.2 course\">\n\t<div class=\"eb-grid-container\">\n\t\t<div class=\"wdm-course-grid\">\n\n\t\t\t\t\t<a href=\"https:\/\/ncastaneda.com\/es\/courses\/comping-etude-no-2-ejercicio-de-acompanamiento-no-2\/\" rel=\"bookmark\" class=\"wdm-course-thumbnail\">\n\t\t\t\t<!-- Course card image container -->\n\t\t\t\t<div class=\"wdm-course-image\">\n\t\t\t\t\t<img decoding=\"async\" src=\"https:\/\/ncastaneda.com\/wp-content\/uploads\/2023\/01\/8-e1673350897369.png\"\/>\n\t\t\t\t<\/div>\n\t\t\t\t<div class=\"wdm-caption\">\n\t\t\t\t\t<div  class=\"eb-cat-wrapper-new\">\n\t\t\t\t\tArpa Llanera - LLanera Harp\t\t\t\t\t<\/div>\n\n\t\t\t\t\t<div class=\"eb-course-title eb-course-card-title\">Comping Etude No.2 &#8211; Ejercicio de Acompa\u00f1amiento No.2<\/div>\n\n\t\t\t\t\t\n\t\t\t\t\t<div>\n\t\t\t\t\t\t<p class=\"eb_short_desc\">\n\t\t\t\t\t\t\t \n\t\t\t\t\t\t<\/p>\n\t\t\t\t\t<\/div>\n\n\t\t\t\t\t\t<div class=\"wdm-price paid\">\n\t\tFree\t<\/div>\n\t\t\t\t\t<\/div>\n\t\t\t<\/a>\n\n\t\t\t\t\t<\/div>\n\t<\/div>\n\t<!-- .wdm-course-grid -->\n<\/div><!-- #post -->\n\n<div id=\"post-14545\" class=\"wdm-col-3-2-1 eb-course-card eb-course-col wdm-course-grid-wrap no-access post-14545 eb_course type-eb_course status-publish has-post-thumbnail hentry eb_course_cat-arpallanera-llaneraharp-latinamericaninstruments pmpro-has-access\" title=\"Click to read more about Ejercicio 3 Dedos \/ 3 Fingers Etude course\">\n\t<div class=\"eb-grid-container\">\n\t\t<div class=\"wdm-course-grid\">\n\n\t\t\t\t\t<a href=\"https:\/\/ncastaneda.com\/es\/courses\/ejercicio-3-dedos-3-fingers-etude\/\" rel=\"bookmark\" class=\"wdm-course-thumbnail\">\n\t\t\t\t<!-- Course card image container -->\n\t\t\t\t<div class=\"wdm-course-image\">\n\t\t\t\t\t<img decoding=\"async\" src=\"https:\/\/ncastaneda.com\/wp-content\/uploads\/2023\/01\/1-e1673349913513.png\"\/>\n\t\t\t\t<\/div>\n\t\t\t\t<div class=\"wdm-caption\">\n\t\t\t\t\t<div  class=\"eb-cat-wrapper-new\">\n\t\t\t\t\tArpa Llanera - LLanera Harp\t\t\t\t\t<\/div>\n\n\t\t\t\t\t<div class=\"eb-course-title eb-course-card-title\">Ejercicio 3 Dedos \/ 3 Fingers Etude<\/div>\n\n\t\t\t\t\t\n\t\t\t\t\t<div>\n\t\t\t\t\t\t<p class=\"eb_short_desc\">\n\t\t\t\t\t\t\t \n\t\t\t\t\t\t<\/p>\n\t\t\t\t\t<\/div>\n\n\t\t\t\t\t\t<div class=\"wdm-price paid\">\n\t\tFree\t<\/div>\n\t\t\t\t\t<\/div>\n\t\t\t<\/a>\n\n\t\t\t\t\t<\/div>\n\t<\/div>\n\t<!-- .wdm-course-grid -->\n<\/div><!-- #post -->\n\n<div id=\"post-14557\" class=\"wdm-col-3-2-1 eb-course-card eb-course-col wdm-course-grid-wrap no-access post-14557 eb_course type-eb_course status-publish has-post-thumbnail hentry eb_course_cat-arpallanera-llaneraharp-latinamericaninstruments pmpro-has-access\" title=\"Click to read more about El Cachicamero &#8211; Beginners Llanera Harp Pieces course\">\n\t<div class=\"eb-grid-container\">\n\t\t<div class=\"wdm-course-grid\">\n\n\t\t\t\t\t<a href=\"https:\/\/ncastaneda.com\/es\/courses\/el-cachicamero-beginners-llanera-harp-pieces\/\" rel=\"bookmark\" class=\"wdm-course-thumbnail\">\n\t\t\t\t<!-- Course card image container -->\n\t\t\t\t<div class=\"wdm-course-image\">\n\t\t\t\t\t<img decoding=\"async\" src=\"https:\/\/ncastaneda.com\/wp-content\/uploads\/2023\/01\/10-e1673348450233.png\"\/>\n\t\t\t\t<\/div>\n\t\t\t\t<div class=\"wdm-caption\">\n\t\t\t\t\t<div  class=\"eb-cat-wrapper-new\">\n\t\t\t\t\tArpa Llanera - LLanera Harp\t\t\t\t\t<\/div>\n\n\t\t\t\t\t<div class=\"eb-course-title eb-course-card-title\">El Cachicamero &#8211; Beginners Llanera Harp Pieces<\/div>\n\n\t\t\t\t\t\n\t\t\t\t\t<div>\n\t\t\t\t\t\t<p class=\"eb_short_desc\">\n\t\t\t\t\t\t\t \n\t\t\t\t\t\t<\/p>\n\t\t\t\t\t<\/div>\n\n\t\t\t\t\t\t<div class=\"wdm-price paid\">\n\t\tFree\t<\/div>\n\t\t\t\t\t<\/div>\n\t\t\t<\/a>\n\n\t\t\t\t\t<\/div>\n\t<\/div>\n\t<!-- .wdm-course-grid -->\n<\/div><!-- #post -->\n\n<div id=\"post-14553\" class=\"wdm-col-3-2-1 eb-course-card eb-course-col wdm-course-grid-wrap no-access post-14553 eb_course type-eb_course status-publish has-post-thumbnail hentry eb_course_cat-arpallanera-llaneraharp-latinamericaninstruments pmpro-has-access\" title=\"Click to read more about El Canoero &#8211; Beginners Llanera harp pieces course\">\n\t<div class=\"eb-grid-container\">\n\t\t<div class=\"wdm-course-grid\">\n\n\t\t\t\t\t<a href=\"https:\/\/ncastaneda.com\/es\/courses\/el-canoero-beginners-llanera-harp-pieces\/\" rel=\"bookmark\" class=\"wdm-course-thumbnail\">\n\t\t\t\t<!-- Course card image container -->\n\t\t\t\t<div class=\"wdm-course-image\">\n\t\t\t\t\t<img decoding=\"async\" src=\"https:\/\/ncastaneda.com\/wp-content\/uploads\/2023\/01\/11-e1673348147919.png\"\/>\n\t\t\t\t<\/div>\n\t\t\t\t<div class=\"wdm-caption\">\n\t\t\t\t\t<div  class=\"eb-cat-wrapper-new\">\n\t\t\t\t\tArpa Llanera - LLanera Harp\t\t\t\t\t<\/div>\n\n\t\t\t\t\t<div class=\"eb-course-title eb-course-card-title\">El Canoero &#8211; Beginners Llanera harp pieces<\/div>\n\n\t\t\t\t\t\n\t\t\t\t\t<div>\n\t\t\t\t\t\t<p class=\"eb_short_desc\">\n\t\t\t\t\t\t\t \n\t\t\t\t\t\t<\/p>\n\t\t\t\t\t<\/div>\n\n\t\t\t\t\t\t<div class=\"wdm-price paid\">\n\t\tFree\t<\/div>\n\t\t\t\t\t<\/div>\n\t\t\t<\/a>\n\n\t\t\t\t\t<\/div>\n\t<\/div>\n\t<!-- .wdm-course-grid -->\n<\/div><!-- #post -->\n\n<div id=\"post-14556\" class=\"wdm-col-3-2-1 eb-course-card eb-course-col wdm-course-grid-wrap no-access post-14556 eb_course type-eb_course status-publish has-post-thumbnail hentry eb_course_cat-arpallanera-llaneraharp-latinamericaninstruments pmpro-has-access\" title=\"Click to read more about Fauna &#8211; Beginners Llanera Harp Pieces course\">\n\t<div class=\"eb-grid-container\">\n\t\t<div class=\"wdm-course-grid\">\n\n\t\t\t\t\t<a href=\"https:\/\/ncastaneda.com\/es\/courses\/fauna-beginners-llanera-harp-pieces\/\" rel=\"bookmark\" class=\"wdm-course-thumbnail\">\n\t\t\t\t<!-- Course card image container -->\n\t\t\t\t<div class=\"wdm-course-image\">\n\t\t\t\t\t<img decoding=\"async\" src=\"https:\/\/ncastaneda.com\/wp-content\/uploads\/2023\/01\/12-e1673348387480.png\"\/>\n\t\t\t\t<\/div>\n\t\t\t\t<div class=\"wdm-caption\">\n\t\t\t\t\t<div  class=\"eb-cat-wrapper-new\">\n\t\t\t\t\tArpa Llanera - LLanera Harp\t\t\t\t\t<\/div>\n\n\t\t\t\t\t<div class=\"eb-course-title eb-course-card-title\">Fauna &#8211; Beginners Llanera Harp Pieces<\/div>\n\n\t\t\t\t\t\n\t\t\t\t\t<div>\n\t\t\t\t\t\t<p class=\"eb_short_desc\">\n\t\t\t\t\t\t\t \n\t\t\t\t\t\t<\/p>\n\t\t\t\t\t<\/div>\n\n\t\t\t\t\t\t<div class=\"wdm-price paid\">\n\t\tFree\t<\/div>\n\t\t\t\t\t<\/div>\n\t\t\t<\/a>\n\n\t\t\t\t\t<\/div>\n\t<\/div>\n\t<!-- .wdm-course-grid -->\n<\/div><!-- #post -->\n\t\t\t\t<\/div>\n\t\t\t\t\t\t\t<div style=\"clear:both\"><\/div>\n\t\t\t<nav class=\"eb-pagination\">\n\t<ul>\n\t\t\n\t\t<li><span class=\"page-numbers eb-page-numbers current\" data-page=\"1\">1<\/span><\/li><li><a class=\"page-numbers eb-page-numbers\" href=\"https:\/\/ncastaneda.com\/es\/wp-json\/wp\/v2\/pages\/14539\/page\/2\/\" data-page=\"2\">2<\/a><\/li>\n\t\t\t\t\t<li class=\"next\"><a href=\"https:\/\/ncastaneda.com\/es\/wp-json\/wp\/v2\/pages\/14539\/page\/2\/\" class=\"page-numbers eb_primary_btn button button-primary et_pb_button et_pb_contact_submit\">Next<\/a><\/li>\n\t\t\t<\/ul>\n<\/nav>\n\t\t<\/div>\n\t\t<\/div>","protected":false},"excerpt":{"rendered":"","protected":false},"author":1,"featured_media":0,"parent":0,"menu_order":0,"comment_status":"closed","ping_status":"closed","template":"","meta":{"om_disable_all_campaigns":false,"pmpro_default_level":"","_monsterinsights_skip_tracking":false,"_monsterinsights_sitenote_active":false,"_monsterinsights_sitenote_note":"","_monsterinsights_sitenote_category":0,"footnotes":""},"yoast_head":"<!-- This site is optimized with the Yoast SEO plugin v20.11 - https:\/\/yoast.com\/wordpress\/plugins\/seo\/ -->\n<title>Courses - Nicol\u00e1s Casta\u00f1eda I Colombian Harpist, Composer &amp; Entrepreneur<\/title>\n<meta name=\"robots\" content=\"noindex, nofollow\" \/>\n<meta property=\"og:locale\" content=\"es_ES\" \/>\n<meta property=\"og:type\" content=\"article\" \/>\n<meta property=\"og:title\" content=\"Courses - Nicol\u00e1s Casta\u00f1eda I Colombian Harpist, Composer &amp; Entrepreneur\" \/>\n<meta property=\"og:url\" content=\"https:\/\/ncastaneda.com\/es\/eb-courses\/\" \/>\n<meta property=\"og:site_name\" content=\"Nicol\u00e1s Casta\u00f1eda I Colombian Harpist, Composer &amp; Entrepreneur\" \/>\n<meta property=\"article:modified_time\" content=\"2024-07-04T04:50:27+00:00\" \/>\n<meta name=\"twitter:card\" content=\"summary_large_image\" \/>\n<meta name=\"twitter:label1\" content=\"Tiempo estimado de lectura\" \/>\n\t<meta name=\"twitter:data1\" content=\"1 minuto\" \/>\n<script type=\"application\/ld+json\" class=\"yoast-schema-graph\">{\"@context\":\"https:\/\/schema.org\",\"@graph\":[{\"@type\":\"WebPage\",\"@id\":\"https:\/\/ncastaneda.com\/eb-courses\/\",\"url\":\"https:\/\/ncastaneda.com\/eb-courses\/\",\"name\":\"Courses - Nicol\u00e1s Casta\u00f1eda I Colombian Harpist, Composer &amp; Entrepreneur\",\"isPartOf\":{\"@id\":\"https:\/\/ncastaneda.com\/#website\"},\"datePublished\":\"2023-07-18T18:12:14+00:00\",\"dateModified\":\"2024-07-04T04:50:27+00:00\",\"breadcrumb\":{\"@id\":\"https:\/\/ncastaneda.com\/eb-courses\/#breadcrumb\"},\"inLanguage\":\"es-CO\",\"potentialAction\":[{\"@type\":\"ReadAction\",\"target\":[\"https:\/\/ncastaneda.com\/eb-courses\/\"]}]},{\"@type\":\"BreadcrumbList\",\"@id\":\"https:\/\/ncastaneda.com\/eb-courses\/#breadcrumb\",\"itemListElement\":[{\"@type\":\"ListItem\",\"position\":1,\"name\":\"Home\",\"item\":\"https:\/\/ncastaneda.com\/\"},{\"@type\":\"ListItem\",\"position\":2,\"name\":\"Courses\"}]},{\"@type\":\"WebSite\",\"@id\":\"https:\/\/ncastaneda.com\/#website\",\"url\":\"https:\/\/ncastaneda.com\/\",\"name\":\"Nicol\u00e1s Casta\u00f1eda I Colombian Harpist, Composer &amp; Entrepreneur\",\"description\":\"Nicol\u00e1s Casta\u00f1eda Official Website - Check out his coming productions, projects and learn to play the Llanera Harp Online\",\"potentialAction\":[{\"@type\":\"SearchAction\",\"target\":{\"@type\":\"EntryPoint\",\"urlTemplate\":\"https:\/\/ncastaneda.com\/?s={search_term_string}\"},\"query-input\":\"required name=search_term_string\"}],\"inLanguage\":\"es-CO\"}]}<\/script>\n<!-- \/ Yoast SEO plugin. -->","yoast_head_json":{"title":"Courses - Nicol\u00e1s Casta\u00f1eda I Colombian Harpist, Composer &amp; Entrepreneur","robots":{"index":"noindex","follow":"nofollow"},"og_locale":"es_ES","og_type":"article","og_title":"Courses - Nicol\u00e1s Casta\u00f1eda I Colombian Harpist, Composer &amp; Entrepreneur","og_url":"https:\/\/ncastaneda.com\/es\/eb-courses\/","og_site_name":"Nicol\u00e1s Casta\u00f1eda I Colombian Harpist, Composer &amp; Entrepreneur","article_modified_time":"2024-07-04T04:50:27+00:00","twitter_card":"summary_large_image","twitter_misc":{"Tiempo estimado de lectura":"1 minuto"},"schema":{"@context":"https:\/\/schema.org","@graph":[{"@type":"WebPage","@id":"https:\/\/ncastaneda.com\/eb-courses\/","url":"https:\/\/ncastaneda.com\/eb-courses\/","name":"Courses - Nicol\u00e1s Casta\u00f1eda I Colombian Harpist, Composer &amp; Entrepreneur","isPartOf":{"@id":"https:\/\/ncastaneda.com\/#website"},"datePublished":"2023-07-18T18:12:14+00:00","dateModified":"2024-07-04T04:50:27+00:00","breadcrumb":{"@id":"https:\/\/ncastaneda.com\/eb-courses\/#breadcrumb"},"inLanguage":"es-CO","potentialAction":[{"@type":"ReadAction","target":["https:\/\/ncastaneda.com\/eb-courses\/"]}]},{"@type":"BreadcrumbList","@id":"https:\/\/ncastaneda.com\/eb-courses\/#breadcrumb","itemListElement":[{"@type":"ListItem","position":1,"name":"Home","item":"https:\/\/ncastaneda.com\/"},{"@type":"ListItem","position":2,"name":"Courses"}]},{"@type":"WebSite","@id":"https:\/\/ncastaneda.com\/#website","url":"https:\/\/ncastaneda.com\/","name":"Nicol\u00e1s Casta\u00f1eda I Colombian Harpist, Composer &amp; Entrepreneur","description":"Nicol\u00e1s Casta\u00f1eda Official Website - Check out his coming productions, projects and learn to play the Llanera Harp Online","potentialAction":[{"@type":"SearchAction","target":{"@type":"EntryPoint","urlTemplate":"https:\/\/ncastaneda.com\/?s={search_term_string}"},"query-input":"required name=search_term_string"}],"inLanguage":"es-CO"}]}},"_links":{"self":[{"href":"https:\/\/ncastaneda.com\/es\/wp-json\/wp\/v2\/pages\/14539"}],"collection":[{"href":"https:\/\/ncastaneda.com\/es\/wp-json\/wp\/v2\/pages"}],"about":[{"href":"https:\/\/ncastaneda.com\/es\/wp-json\/wp\/v2\/types\/page"}],"author":[{"embeddable":true,"href":"https:\/\/ncastaneda.com\/es\/wp-json\/wp\/v2\/users\/1"}],"replies":[{"embeddable":true,"href":"https:\/\/ncastaneda.com\/es\/wp-json\/wp\/v2\/comments?post=14539"}],"version-history":[{"count":1,"href":"https:\/\/ncastaneda.com\/es\/wp-json\/wp\/v2\/pages\/14539\/revisions"}],"predecessor-version":[{"id":15246,"href":"https:\/\/ncastaneda.com\/es\/wp-json\/wp\/v2\/pages\/14539\/revisions\/15246"}],"wp:attachment":[{"href":"https:\/\/ncastaneda.com\/es\/wp-json\/wp\/v2\/media?parent=14539"}],"curies":[{"name":"wp","href":"https:\/\/api.w.org\/{rel}","templated":true}]}}